{"id":40785,"date":"2026-05-14T13:57:48","date_gmt":"2026-05-14T12:57:48","guid":{"rendered":"https:\/\/www.dentex.dz\/?page_id=40785"},"modified":"2026-05-14T15:26:09","modified_gmt":"2026-05-14T14:26:09","slug":"work-shops","status":"publish","type":"page","link":"https:\/\/www.dentex.dz\/fr\/work-shops\/","title":{"rendered":"Work-shops"},"content":{"rendered":"\t\t<div data-elementor-type=\"wp-page\" data-elementor-id=\"40785\" class=\"elementor elementor-40785\" data-elementor-post-type=\"page\">\n\t\t\t\t\t\t<section class=\"elementor-section elementor-top-section elementor-element elementor-element-77ad3f1 elementor-section-boxed elementor-section-height-default elementor-section-height-default\" data-id=\"77ad3f1\" data-element_type=\"section\" data-settings=\"{&quot;background_background&quot;:&quot;classic&quot;}\">\n\t\t\t\t\t\t\t<div class=\"elementor-background-overlay\"><\/div>\n\t\t\t\t\t\t\t<div class=\"elementor-container elementor-column-gap-default\">\n\t\t\t\t\t<div class=\"elementor-column elementor-col-100 elementor-top-column elementor-element elementor-element-03f2dcb\" data-id=\"03f2dcb\" data-element_type=\"column\">\n\t\t\t<div class=\"elementor-widget-wrap elementor-element-populated\">\n\t\t\t\t\t\t<div class=\"elementor-element elementor-element-c175718 elementor-widget elementor-widget-heading\" data-id=\"c175718\" data-element_type=\"widget\" data-widget_type=\"heading.default\">\n\t\t\t\t<div class=\"elementor-widget-container\">\n\t\t\t\t\t<h1 class=\"elementor-heading-title elementor-size-default\">Dentex 2026 - Programme des s\u00e9minaire<\/h1>\t\t\t\t<\/div>\n\t\t\t\t<\/div>\n\t\t\t\t<div class=\"elementor-element elementor-element-17425e4 elementor-widget elementor-widget-text-editor\" data-id=\"17425e4\" data-element_type=\"widget\" data-widget_type=\"text-editor.default\">\n\t\t\t\t<div class=\"elementor-widget-container\">\n\t\t\t\t\t\t\t\t\t<p><span class=\"jCAhz ChMk0b\"><span class=\"ryNqvb\">Dentex Alg\u00e9rie 2026, premier salon dentaire d&rsquo;Alg\u00e9rie, propose un large \u00e9ventail de formations \u00e0 travers de nombreux ateliers.<\/span><\/span><\/p><p><span class=\"jCAhz ChMk0b\"><span class=\"ryNqvb\">Ces ateliers couvrent des sujets vari\u00e9s, des derni\u00e8res avanc\u00e9es en technologie dentaire aux techniques de traitement innovantes.<\/span><\/span><\/p><p><span class=\"jCAhz ChMk0b\"><span class=\"ryNqvb\">Pour profiter de ces exp\u00e9riences enrichissantes, les personnes int\u00e9ress\u00e9es peuvent s&rsquo;inscrire directement aupr\u00e8s des entreprises organisatrices des ateliers.<\/span><\/span><\/p>\t\t\t\t\t\t\t\t<\/div>\n\t\t\t\t<\/div>\n\t\t\t\t<div class=\"elementor-element elementor-element-15aaea8 elementor-align-center elementor-mobile-align-center elementor-invisible elementor-widget elementor-widget-dynamic-button\" data-id=\"15aaea8\" data-element_type=\"widget\" data-settings=\"{&quot;_animation&quot;:&quot;slideInLeft&quot;}\" data-widget_type=\"dynamic-button.default\">\n\t\t\t\t<div class=\"elementor-widget-container\">\n\t\t\t\t\t        <div class=\"elementor-button-wrapper\">\n            <a href=\"https:\/\/register.visitcloud.com\/survey\/2r84lirzg9l1b\" target=\"_blank\" class=\"elementor-button-link elementor-button elementor-size-xl elementor-animation-grow\" role=\"button\">\n                        <span class=\"elementor-button-content-wrapper\">\n\t\t\t                <span class=\"elementor-button-icon elementor-align-icon-right\">\n\t\t\t\t<i aria-hidden=\"true\" class=\"fas fa-tooth\"><\/i>\t\t\t<\/span>\n            \t\t\t<span class=\"elementor-button-text\">VOTRE TICKET GRATUIT<\/span>\n\t\t<\/span>\n                    <\/a>\n        <\/div>\n        \t\t\t\t<\/div>\n\t\t\t\t<\/div>\n\t\t\t\t<div class=\"elementor-element elementor-element-7d4434f elementor-align-left elementor-hidden-desktop elementor-hidden-tablet elementor-hidden-mobile elementor-widget elementor-widget-global elementor-global-6518 elementor-global-6266 elementor-widget-dynamic-button\" data-id=\"7d4434f\" data-element_type=\"widget\" data-widget_type=\"dynamic-button.default\">\n\t\t\t\t<div class=\"elementor-widget-container\">\n\t\t\t\t\t        <div class=\"elementor-button-wrapper\">\n            <a href=\"https:\/\/register.visitcloud.com\/survey\/3hvezlkobesbt\" target=\"_blank\" class=\"elementor-button-link elementor-button elementor-size-sm\" role=\"button\">\n                        <span class=\"elementor-button-content-wrapper\">\n\t\t\t                <span class=\"elementor-button-icon elementor-align-icon-right\">\n\t\t\t\t<i aria-hidden=\"true\" class=\"fas fa-angle-right\"><\/i>\t\t\t<\/span>\n            \t\t\t<span class=\"elementor-button-text\">Inscription visiteurs<\/span>\n\t\t<\/span>\n                    <\/a>\n        <\/div>\n        \t\t\t\t<\/div>\n\t\t\t\t<\/div>\n\t\t\t\t\t<\/div>\n\t\t<\/div>\n\t\t\t\t\t<\/div>\n\t\t<\/section>\n\t\t\t\t<section class=\"elementor-section elementor-top-section elementor-element elementor-element-23f9151 elementor-section-full_width elementor-section-height-default elementor-section-height-default\" data-id=\"23f9151\" data-element_type=\"section\" data-settings=\"{&quot;background_background&quot;:&quot;classic&quot;}\">\n\t\t\t\t\t\t\t<div class=\"elementor-background-overlay\"><\/div>\n\t\t\t\t\t\t\t<div class=\"elementor-container elementor-column-gap-default\">\n\t\t\t\t\t<div class=\"elementor-column elementor-col-50 elementor-top-column elementor-element elementor-element-217e8b4\" data-id=\"217e8b4\" data-element_type=\"column\">\n\t\t\t<div class=\"elementor-widget-wrap elementor-element-populated\">\n\t\t\t\t\t\t<div class=\"elementor-element elementor-element-acaadb1 elementor-widget__width-initial elementor-widget elementor-widget-heading\" data-id=\"acaadb1\" data-element_type=\"widget\" data-widget_type=\"heading.default\">\n\t\t\t\t<div class=\"elementor-widget-container\">\n\t\t\t\t\t<h1 class=\"elementor-heading-title elementor-size-default\">Partenaire d'excellence scientifique<\/h1>\t\t\t\t<\/div>\n\t\t\t\t<\/div>\n\t\t\t\t<div class=\"elementor-element elementor-element-c6918b9 elementor-widget__width-initial elementor-widget elementor-widget-heading\" data-id=\"c6918b9\" data-element_type=\"widget\" data-widget_type=\"heading.default\">\n\t\t\t\t<div class=\"elementor-widget-container\">\n\t\t\t\t\t<h2 class=\"elementor-heading-title elementor-size-default\">Stand n\u00b0 B09<\/h2>\t\t\t\t<\/div>\n\t\t\t\t<\/div>\n\t\t\t\t\t<\/div>\n\t\t<\/div>\n\t\t\t\t<div class=\"elementor-column elementor-col-50 elementor-top-column elementor-element elementor-element-1ee2f61\" data-id=\"1ee2f61\" data-element_type=\"column\" data-settings=\"{&quot;motion_fx_motion_fx_scrolling&quot;:&quot;yes&quot;,&quot;motion_fx_translateY_effect&quot;:&quot;yes&quot;,&quot;motion_fx_translateY_speed&quot;:{&quot;unit&quot;:&quot;px&quot;,&quot;size&quot;:&quot;1.9&quot;,&quot;sizes&quot;:[]},&quot;motion_fx_translateY_affectedRange&quot;:{&quot;unit&quot;:&quot;%&quot;,&quot;size&quot;:&quot;&quot;,&quot;sizes&quot;:{&quot;start&quot;:0,&quot;end&quot;:100}},&quot;motion_fx_devices&quot;:[&quot;desktop&quot;,&quot;tablet&quot;,&quot;mobile&quot;]}\">\n\t\t\t<div class=\"elementor-widget-wrap elementor-element-populated\">\n\t\t\t\t\t\t<div class=\"elementor-element elementor-element-0507fd2 elementor-widget elementor-widget-image\" data-id=\"0507fd2\" data-element_type=\"widget\" data-widget_type=\"image.default\">\n\t\t\t\t<div class=\"elementor-widget-container\">\n\t\t\t\t\t\t\t\t\t\t\t\t\t\t\t\t<a href=\"https:\/\/dentina-dz.com\/\" target=\"_blank\">\n\t\t\t\t\t\t\t<img decoding=\"async\" width=\"300\" height=\"135\" src=\"https:\/\/easyfairsassets.com\/sites\/160\/2026\/05\/LOGO-DENTINA-WHITE-300x135.png\" class=\"attachment-medium size-medium wp-image-40338\" alt=\"\" srcset=\"https:\/\/easyfairsassets.com\/sites\/160\/2026\/05\/LOGO-DENTINA-WHITE-300x135.png 300w, https:\/\/easyfairsassets.com\/sites\/160\/2026\/05\/LOGO-DENTINA-WHITE-1024x460.png 1024w, https:\/\/easyfairsassets.com\/sites\/160\/2026\/05\/LOGO-DENTINA-WHITE-768x345.png 768w, https:\/\/easyfairsassets.com\/sites\/160\/2026\/05\/LOGO-DENTINA-WHITE.png 1114w\" sizes=\"(max-width: 300px) 100vw, 300px\" \/>\t\t\t\t\t\t\t\t<\/a>\n\t\t\t\t\t\t\t\t\t\t\t\t\t\t\t<\/div>\n\t\t\t\t<\/div>\n\t\t\t\t\t<\/div>\n\t\t<\/div>\n\t\t\t\t\t<\/div>\n\t\t<\/section>\n\t\t\t\t<section class=\"elementor-section elementor-top-section elementor-element elementor-element-78db3f0 elementor-section-full_width elementor-section-height-default elementor-section-height-default\" data-id=\"78db3f0\" data-element_type=\"section\" data-settings=\"{&quot;background_background&quot;:&quot;classic&quot;}\">\n\t\t\t\t\t\t\t<div class=\"elementor-background-overlay\"><\/div>\n\t\t\t\t\t\t\t<div class=\"elementor-container elementor-column-gap-default\">\n\t\t\t\t\t<div class=\"elementor-column elementor-col-100 elementor-top-column elementor-element elementor-element-228dc9b\" data-id=\"228dc9b\" data-element_type=\"column\">\n\t\t\t<div class=\"elementor-widget-wrap elementor-element-populated\">\n\t\t\t\t\t\t<div class=\"elementor-element elementor-element-0e5e62a elementor-widget elementor-widget-easyfairs-activities\" data-id=\"0e5e62a\" data-element_type=\"widget\" data-widget_type=\"easyfairs-activities.default\">\n\t\t\t\t<div class=\"elementor-widget-container\">\n\t\t\t\t\t        <div class=\"ef_scheduler scheduler-grid\">\n            <div class=\"view_switch\">\n                <div class=\"view_change hidden\"><span class=\"dashicons dashicons-calendar\"><\/span> View as timesheet<\/div>\n                <div class=\"view_change\"><span class=\"dashicons dashicons-editor-ul\"><\/span> View as list<\/div>\n            <\/div>\n\t\t\t<div class=\"scheduler_tabs\">\n\n           \t\t<input type=\"radio\" class=\"tab_change\" value=\"1\" id=\"scheduletab1\" name=\"tab\" checked>\n\t\t<label for=\"scheduletab1\">juin 2, 2026<\/label>\n\t\t\t\t<input type=\"radio\" class=\"tab_change\" value=\"2\" id=\"scheduletab2\" name=\"tab\" >\n\t\t<label for=\"scheduletab2\">juin 3, 2026<\/label>\n\t\t\t\t<input type=\"radio\" class=\"tab_change\" value=\"3\" id=\"scheduletab3\" name=\"tab\" >\n\t\t<label for=\"scheduletab3\">juin 4, 2026<\/label>\n\t\t\t\t<input type=\"radio\" class=\"tab_change\" value=\"4\" id=\"scheduletab4\" name=\"tab\" >\n\t\t<label for=\"scheduletab4\">juin 5, 2026<\/label>\n\t\t\t\t\t<\/div>\n        <div class='easyfairs-schedule schedule-20260602' id='schedule1'>\t\t\t\t<\/div>\n\t\t\t<style>\n\t\t\t\t.schedule-20260602 {\n\t\t\t\t\tpadding-top: 2em;\n\t\t\t\t}\n\n\t\t\t\t@media screen and (min-width:700px) {\n\t\t\t\t\t.schedule-20260602 {\n\t\t\t\t\t\tdisplay: grid;\n\t\t\t\t\t\tgap: 1em;\n\t\t\t\t\t}\n\t\t\t\t}\n\n\t\t\t\t.schedule-20260602 {\n\n\t\t\t\t\t\tgrid-template-rows:\n\t\t\t\t\t\t\t[tracks] auto\n\n\t\t\t\t\t\t\t;\n\t\t\t\t\t\tgrid-template-columns:\n\t\t\t\t\t\t\t[times] 4.5em\n\t\t\t\t\t\t\t\t\t\t\t\t\t}\n\n\t\t\t\t\t.schedule-20260602 .time-slot {\n\t\t\t\t\t\tdisplay: grid;\n\t\t\t\t\t\tgrid-column: times;\n\t\t\t\t\t\tgrid-column-end: track-0;\n\t\t\t\t\t\tz-index: 1;\n\t\t\t\t\t}\n\t\t\t\t\t}\n\t\t\t\t}\n\t\t\t<\/style>\n\t\t<div class='easyfairs-schedule schedule-20260603 hidden' id='schedule2'>\t\t\t\t<\/div>\n\t\t\t<style>\n\t\t\t\t.schedule-20260603 {\n\t\t\t\t\tpadding-top: 2em;\n\t\t\t\t}\n\n\t\t\t\t@media screen and (min-width:700px) {\n\t\t\t\t\t.schedule-20260603 {\n\t\t\t\t\t\tdisplay: grid;\n\t\t\t\t\t\tgap: 1em;\n\t\t\t\t\t}\n\t\t\t\t}\n\n\t\t\t\t.schedule-20260603 {\n\n\t\t\t\t\t\tgrid-template-rows:\n\t\t\t\t\t\t\t[tracks] auto\n\n\t\t\t\t\t\t\t;\n\t\t\t\t\t\tgrid-template-columns:\n\t\t\t\t\t\t\t[times] 4.5em\n\t\t\t\t\t\t\t\t\t\t\t\t\t}\n\n\t\t\t\t\t.schedule-20260603 .time-slot {\n\t\t\t\t\t\tdisplay: grid;\n\t\t\t\t\t\tgrid-column: times;\n\t\t\t\t\t\tgrid-column-end: track-0;\n\t\t\t\t\t\tz-index: 1;\n\t\t\t\t\t}\n\t\t\t\t\t}\n\t\t\t\t}\n\t\t\t<\/style>\n\t\t<div class='easyfairs-schedule schedule-20260604 hidden' id='schedule3'>\t\t\t\t<\/div>\n\t\t\t<style>\n\t\t\t\t.schedule-20260604 {\n\t\t\t\t\tpadding-top: 2em;\n\t\t\t\t}\n\n\t\t\t\t@media screen and (min-width:700px) {\n\t\t\t\t\t.schedule-20260604 {\n\t\t\t\t\t\tdisplay: grid;\n\t\t\t\t\t\tgap: 1em;\n\t\t\t\t\t}\n\t\t\t\t}\n\n\t\t\t\t.schedule-20260604 {\n\n\t\t\t\t\t\tgrid-template-rows:\n\t\t\t\t\t\t\t[tracks] auto\n\n\t\t\t\t\t\t\t;\n\t\t\t\t\t\tgrid-template-columns:\n\t\t\t\t\t\t\t[times] 4.5em\n\t\t\t\t\t\t\t\t\t\t\t\t\t}\n\n\t\t\t\t\t.schedule-20260604 .time-slot {\n\t\t\t\t\t\tdisplay: grid;\n\t\t\t\t\t\tgrid-column: times;\n\t\t\t\t\t\tgrid-column-end: track-0;\n\t\t\t\t\t\tz-index: 1;\n\t\t\t\t\t}\n\t\t\t\t\t}\n\t\t\t\t}\n\t\t\t<\/style>\n\t\t<div class='easyfairs-schedule schedule-20260605 hidden' id='schedule4'>\t\t\t\t<\/div>\n\t\t\t<style>\n\t\t\t\t.schedule-20260605 {\n\t\t\t\t\tpadding-top: 2em;\n\t\t\t\t}\n\n\t\t\t\t@media screen and (min-width:700px) {\n\t\t\t\t\t.schedule-20260605 {\n\t\t\t\t\t\tdisplay: grid;\n\t\t\t\t\t\tgap: 1em;\n\t\t\t\t\t}\n\t\t\t\t}\n\n\t\t\t\t.schedule-20260605 {\n\n\t\t\t\t\t\tgrid-template-rows:\n\t\t\t\t\t\t\t[tracks] auto\n\n\t\t\t\t\t\t\t;\n\t\t\t\t\t\tgrid-template-columns:\n\t\t\t\t\t\t\t[times] 4.5em\n\t\t\t\t\t\t\t\t\t\t\t\t\t}\n\n\t\t\t\t\t.schedule-20260605 .time-slot {\n\t\t\t\t\t\tdisplay: grid;\n\t\t\t\t\t\tgrid-column: times;\n\t\t\t\t\t\tgrid-column-end: track-0;\n\t\t\t\t\t\tz-index: 1;\n\t\t\t\t\t}\n\t\t\t\t\t}\n\t\t\t\t}\n\t\t\t<\/style>\n\t\t\n\t\t\t<style>\n                .session {\n                    cursor:pointer !important;\n                }\n\n\t\t\t\t.view_change {\n\t\t\t\t\tcursor:pointer !important;\n\t\t\t\t\tdisplay:inline-block;\n\t\t\t\t}\n\n\t\t\t\t.view_change .dashicons::before {\n\t\t\t\t\tvertical-align:middle;\n\t\t\t\t\tdisplay:inline-block;\n\t\t\t\t}\n\n\t\t\t\t.view_switch {\n\t\t\t\t\tdisplay: none;\n\t\t\t\t\tpadding:16px;\n\t\t\t\t\tcolor: white;\n\t\t\t\t\tfont-size: 16px;\n\t\t\t\t}\n\n\t\t\t\t.time-slot {\n\t\t\t\t\tdisplay:none;\n\t\t\t\t}\n\n\t\t\t\t.session {\n\t\t\t\t\tdisplay:block;\n\t\t\t\t}\n\n\t\t\t\t.speaker {\n\t\t\t\t\tdisplay: flex;\n\t\t\t\t}\n\n\t\t\t\t.speaker_info {\n\t\t\t\t\tflex-grow: 1;\n\t\t\t\t}\n\n\t\t\t\t.speaker_name {\n\t\t\t\t\tfont-size: 16px;\n\t\t\t\t\tmargin-bottom: 8px;\n\t\t\t\t}\n\n\t\t\t\t.speaker_job_title {\n\t\t\t\t\tfont-size: 14px;\n\t\t\t\t}\n\n\t\t\t\t.session {\n\t\t\t\t\tpadding:16px;\n\t\t\t\t\tbackground-color: #1259B2;\n\t\t\t\t\tcolor: #fff !important;\n\t\t\t\t}\n\n\t\t\t\t.session .speaker .speaker_avatar {\n\t\t\t\t\twidth:32px;\n\t\t\t\t\theight:32px;\n\t\t\t\t\tborder-radius:50%;\n\t\t\t\t\tmargin-right:5px;\n\t\t\t\t}\n\n\t\t\t\t.tab_change {\n\t\t\t\t\tdisplay:none;\n\t\t\t\t}\n\n\t\t\t\t.ef_scheduler label {\n\t\t\t\t\tdisplay: inline-block;\n\t\t\t\t\tfont-size: 16px;\n\t\t\t\t\tpadding: 16px;\n\t\t\t\t\ttext-align: center;\n\t\t\t\t\tbackground: #f4f4f4;\n\t\t\t\t\tcolor: #555;\n\t\t\t\t\tposition: relative;\n\t\t\t\t\ttransition: 0.25s background ease;\n\t\t\t\t\tcursor: pointer;\n\t\t\t\t}\n\n\t\t\t\t@media screen and (min-width:700px) {\n\t\t\t\t\t.view_switch {\n\t\t\t\t\t\tdisplay:block;\n\t\t\t\t\t}\n\n\t\t\t\t\t.ef_scheduler:not(.scheduler-list) .session-location {\n\t\t\t\t\t\tdisplay:none !important;\n\t\t\t\t\t}\n\n\t\t\t\t}\n\n                @media screen and (max-width:699px) {\n                    .scheduler_tabs label {\n                        display:inline-block;\n                        float:left;\n                        width:50%;\n                    }\n\n                    .time-slot {\n                        display:none !important;\n                    }\n                }\n\n\t\t\t\t.scheduler-list .track-slot,\n\t\t\t\t.scheduler-list .time-slot {\n\t\t\t\t\tdisplay: none;\n\t\t\t\t}\n\n\t\t\t\t.scheduler-list .session-location {\n\t\t\t\t\tdisplay: inline-block;\n\t\t\t\t}\n\n\t\t\t\t@supports( display:grid ) {\n\t\t\t\t\t@media screen and (min-width:700px) {\n\t\t\t\t\t\t.ef_scheduler:not(.scheduler-list) .track-slot {\n\t\t\t\t\t\t\tdisplay: block;\n\t\t\t\t\t\t\tpadding: 10px 5px 5px;\n\t\t\t\t\t\t\tposition: sticky;\n\t\t\t\t\t\t\ttop: 0px;\n\t\t\t\t\t\t\tz-index: 1000;\n\t\t\t\t\t\t\tbackground-color: rgba(255,255,255,.9);\n\t\t\t\t\t\t}\n\n\t\t\t\t\t\t.session {\n\t\t\t\t\t\t\tmargin: 0;\n\t\t\t\t\t\t}\n\t\t\t\t\t}\n\t\t\t\t}\n                .easyfairs-schedule {\n                    clear:left;\n                }\n\n\t\t\t\t.scheduler-list .easyfairs-schedule {\n\t\t\t\t\tdisplay:block;\n\t\t\t\t}\n\n\t\t\t\t\/* Small-screen & fallback styles *\/\n\t\t\t\t.session {\n\t\t\t\t\tmargin-bottom:  1em;\n\t\t\t\t}\n\n\t\t\t\t.track-slot {\n\t\t\t\t\tdisplay:none;\n\t\t\t\t}\n\n\t\t\t\t.session {\n\t\t\t\t\tpadding: 16px;\n\t\t\t\t\tz-index:2;\n\t\t\t\t}\n\n\t\t\t\t.session-time {\n\t\t\t\t\tfont-size:16px;\n\t\t\t\t}\n\n\t\t\t\t.session-location {\n\t\t\t\t\tdisplay:inline-block;\n\t\t\t\t}\n\n\t\t\t\t.session_speakers {\n\t\t\t\t\tmargin-top:24px;\n\t\t\t\t}\n\n\t\t\t\t.session-title,\n\t\t\t\t {\n\t\t\t\t\tdisplay: block;\n\t\t\t\t }\n\n\t\t\t\t.session-time {\n\t\t\t\t\tdisplay: inline-block;\n\t\t\t\t}\n\n\t\t\t\t.session-title {\n\t\t\t\t\tmargin-bottom:8px;\n\t\t\t\t}\n\n\t\t\t\t.session-title,\n\t\t\t\t.time-slot {\n\t\t\t\t\tz-index:1;\n\t\t\t\t\tmargin: 0;\n\t\t\t\t\tfont-weight: 700;\n\t\t\t\t\tfont-size: 16px;\n\t\t\t\t}\n\n\t\t\t\t.track-all {\n\t\t\t\t\tdisplay: flex;\n\t\t\t\t\tjustify-content: center;\n\t\t\t\t\talign-items: center;\n\t\t\t\t\tbackground: #ccc;\n\t\t\t\t\tcolor: #000;\n\t\t\t\t\tbox-shadow: none;\n\t\t\t\t}\n\t\t\t<\/style>\n        <\/div>\t\t\t\t<\/div>\n\t\t\t\t<\/div>\n\t\t\t\t\t<\/div>\n\t\t<\/div>\n\t\t\t\t\t<\/div>\n\t\t<\/section>\n\t\t\t\t<\/div>\n\t\t","protected":false},"excerpt":{"rendered":"<p>Dentex 2026 &#8211; Programme des s\u00e9minaire Dentex Alg\u00e9rie 2026, premier salon dentaire d&rsquo;Alg\u00e9rie, propose un large \u00e9ventail de formations \u00e0 travers de nombreux ateliers. Ces ateliers couvrent des sujets vari\u00e9s, des derni\u00e8res avanc\u00e9es en technologie dentaire aux techniques de traitement innovantes. Pour profiter de ces exp\u00e9riences enrichissantes, les personnes int\u00e9ress\u00e9es peuvent s&rsquo;inscrire directement aupr\u00e8s des [&hellip;]<\/p>\n","protected":false},"author":1571,"featured_media":0,"parent":0,"menu_order":0,"comment_status":"closed","ping_status":"closed","template":"","meta":{"_seopress_robots_primary_cat":"","_seopress_titles_title":"","_seopress_titles_desc":"","_seopress_robots_index":"","footnotes":""},"class_list":["post-40785","page","type-page","status-publish","hentry"],"_links":{"self":[{"href":"https:\/\/www.dentex.dz\/fr\/wp-json\/wp\/v2\/pages\/40785","targetHints":{"allow":["GET"]}}],"collection":[{"href":"https:\/\/www.dentex.dz\/fr\/wp-json\/wp\/v2\/pages"}],"about":[{"href":"https:\/\/www.dentex.dz\/fr\/wp-json\/wp\/v2\/types\/page"}],"author":[{"embeddable":true,"href":"https:\/\/www.dentex.dz\/fr\/wp-json\/wp\/v2\/users\/1571"}],"replies":[{"embeddable":true,"href":"https:\/\/www.dentex.dz\/fr\/wp-json\/wp\/v2\/comments?post=40785"}],"version-history":[{"count":5,"href":"https:\/\/www.dentex.dz\/fr\/wp-json\/wp\/v2\/pages\/40785\/revisions"}],"predecessor-version":[{"id":40804,"href":"https:\/\/www.dentex.dz\/fr\/wp-json\/wp\/v2\/pages\/40785\/revisions\/40804"}],"wp:attachment":[{"href":"https:\/\/www.dentex.dz\/fr\/wp-json\/wp\/v2\/media?parent=40785"}],"curies":[{"name":"wp","href":"https:\/\/api.w.org\/{rel}","templated":true}]}}