{"id":3464,"date":"2020-08-16T14:37:02","date_gmt":"2020-08-16T13:37:02","guid":{"rendered":"https:\/\/www.dentex.dz\/nouveau-theme\/"},"modified":"2022-03-23T09:53:56","modified_gmt":"2022-03-23T08:53:56","slug":"nouveau-theme","status":"publish","type":"page","link":"https:\/\/www.dentex.dz\/fr\/nouveau-theme\/","title":{"rendered":"NOUVEAU TH\u00c8ME"},"content":{"rendered":"\t\t<div data-elementor-type=\"wp-post\" data-elementor-id=\"3464\" class=\"elementor elementor-3464 elementor-470\" data-elementor-post-type=\"page\">\n\t\t\t\t\t\t<section class=\"elementor-section elementor-top-section elementor-element elementor-element-f9200d6 elementor-section-boxed elementor-section-height-default elementor-section-height-default\" data-id=\"f9200d6\" data-element_type=\"section\">\n\t\t\t\t\t\t<div class=\"elementor-container elementor-column-gap-default\">\n\t\t\t\t\t<div class=\"elementor-column elementor-col-100 elementor-top-column elementor-element elementor-element-4f613d9\" data-id=\"4f613d9\" data-element_type=\"column\">\n\t\t\t<div class=\"elementor-widget-wrap elementor-element-populated\">\n\t\t\t\t\t\t<div class=\"elementor-element elementor-element-12d4b50 elementor-widget elementor-widget-heading\" data-id=\"12d4b50\" data-element_type=\"widget\" data-widget_type=\"heading.default\">\n\t\t\t\t<div class=\"elementor-widget-container\">\n\t\t\t\t\t<h2 class=\"elementor-heading-title elementor-size-default\">NOUVEAU TH\u00c8ME! - Gestion des cliniques\/cabinets dentaires<\/h2>\t\t\t\t<\/div>\n\t\t\t\t<\/div>\n\t\t\t\t\t<\/div>\n\t\t<\/div>\n\t\t\t\t\t<\/div>\n\t\t<\/section>\n\t\t\t\t<section class=\"elementor-section elementor-top-section elementor-element elementor-element-4c83a3f elementor-section-boxed elementor-section-height-default elementor-section-height-default\" data-id=\"4c83a3f\" data-element_type=\"section\">\n\t\t\t\t\t\t<div class=\"elementor-container elementor-column-gap-default\">\n\t\t\t\t\t<div class=\"elementor-column elementor-col-50 elementor-top-column elementor-element elementor-element-56f7f3a\" data-id=\"56f7f3a\" data-element_type=\"column\">\n\t\t\t<div class=\"elementor-widget-wrap elementor-element-populated\">\n\t\t\t\t\t\t<div class=\"elementor-element elementor-element-e4e6e17 elementor-widget elementor-widget-text-editor\" data-id=\"e4e6e17\" data-element_type=\"widget\" data-widget_type=\"text-editor.default\">\n\t\t\t\t<div class=\"elementor-widget-container\">\n\t\t\t\t\t\t\t\t\t<p>Avec des r\u00e9glementations et des normes publicitaires en constante \u00e9volution, de nouvelles mesures de s\u00e9curit\u00e9 \u00e0 suivre, une technologie en d\u00e9veloppement rapide et une pand\u00e9mie mondiale affectant la pratique dentaire, la gestion d&rsquo;une clinique ou d&rsquo;un cabinet prosp\u00e8re devient un d\u00e9fi \u00e0 relever.<\/p>\n<p>Cette ann\u00e9e, sur DENTEX 2022, grande nouveaut\u00e9, nous aborderons la pratique et la gestion de cabinet\/clinique dentaire \u00e0 travers de nouveaux exposants et des conf\u00e9rences d\u00e9di\u00e9es accueillant tous les sujets qui vous aideront \u00e0 g\u00e9rer avec succ\u00e8s votre cabinet, votre clinique ou votre marque personnelle. Il y aura des conf\u00e9rences et des discussions d&rsquo;experts pour vous fournir des le\u00e7ons cl\u00e9s que vous pouvez mettre en \u0153uvre imm\u00e9diatement.<\/p>\n<p>Des sujets tels que comment tirer le meilleur parti des relations publiques et du num\u00e9rique, comment g\u00e9rer une clinique avec succ\u00e8s avec un budget serr\u00e9, comment d\u00e9velopper votre marque ou comment fid\u00e9liser les clients apr\u00e8s une pand\u00e9mie seront tous couverts.<\/p>\n<p>Vous trouverez \u00e9galement de nouveaux exposants de services de gestion de clinique, de financement, d&rsquo;assurance, de comptabilit\u00e9, d&rsquo;am\u00e9nagement int\u00e9rieur, de d\u00e9corations et de solutions qui vous aideront \u00e0 trouver et \u00e0 comparer les derni\u00e8res opportunit\u00e9s qui s&rsquo;offrent \u00e0 vous.<\/p>\n\t\t\t\t\t\t\t\t<\/div>\n\t\t\t\t<\/div>\n\t\t\t\t\t<\/div>\n\t\t<\/div>\n\t\t\t\t<div class=\"elementor-column elementor-col-50 elementor-top-column elementor-element elementor-element-0d93ac2\" data-id=\"0d93ac2\" data-element_type=\"column\">\n\t\t\t<div class=\"elementor-widget-wrap elementor-element-populated\">\n\t\t\t\t\t\t<div class=\"elementor-element elementor-element-ea8934c elementor-widget elementor-widget-image\" data-id=\"ea8934c\" data-element_type=\"widget\" data-widget_type=\"image.default\">\n\t\t\t\t<div class=\"elementor-widget-container\">\n\t\t\t\t\t\t\t\t\t\t\t\t\t\t\t<img fetchpriority=\"high\" decoding=\"async\" width=\"768\" height=\"217\" src=\"https:\/\/easyfairsassets.com\/sites\/160\/2020\/10\/practice-management_dentexLOGO-2021RGB-768x217.png\" class=\"attachment-medium_large size-medium_large wp-image-4246\" alt=\"\" srcset=\"https:\/\/easyfairsassets.com\/sites\/160\/2020\/10\/practice-management_dentexLOGO-2021RGB-768x217.png 768w, https:\/\/easyfairsassets.com\/sites\/160\/2020\/10\/practice-management_dentexLOGO-2021RGB-300x85.png 300w, https:\/\/easyfairsassets.com\/sites\/160\/2020\/10\/practice-management_dentexLOGO-2021RGB-1024x290.png 1024w, https:\/\/easyfairsassets.com\/sites\/160\/2020\/10\/practice-management_dentexLOGO-2021RGB-1536x434.png 1536w, https:\/\/easyfairsassets.com\/sites\/160\/2020\/10\/practice-management_dentexLOGO-2021RGB.png 1920w\" sizes=\"(max-width: 768px) 100vw, 768px\" \/>\t\t\t\t\t\t\t\t\t\t\t\t\t\t\t<\/div>\n\t\t\t\t<\/div>\n\t\t\t\t<div class=\"elementor-element elementor-element-cb35a8b elementor-widget elementor-widget-image\" data-id=\"cb35a8b\" data-element_type=\"widget\" data-widget_type=\"image.default\">\n\t\t\t\t<div class=\"elementor-widget-container\">\n\t\t\t\t\t\t\t\t\t\t\t\t\t\t\t<img decoding=\"async\" width=\"800\" height=\"534\" src=\"https:\/\/easyfairsassets.com\/sites\/160\/2021\/03\/5D4A0611-1024x683.jpg\" class=\"attachment-large size-large wp-image-5033\" alt=\"\" srcset=\"https:\/\/easyfairsassets.com\/sites\/160\/2021\/03\/5D4A0611-1024x683.jpg 1024w, https:\/\/easyfairsassets.com\/sites\/160\/2021\/03\/5D4A0611-300x200.jpg 300w, https:\/\/easyfairsassets.com\/sites\/160\/2021\/03\/5D4A0611-768x512.jpg 768w, https:\/\/easyfairsassets.com\/sites\/160\/2021\/03\/5D4A0611-1536x1024.jpg 1536w, https:\/\/easyfairsassets.com\/sites\/160\/2021\/03\/5D4A0611.jpg 1920w\" sizes=\"(max-width: 800px) 100vw, 800px\" \/>\t\t\t\t\t\t\t\t\t\t\t\t\t\t\t<\/div>\n\t\t\t\t<\/div>\n\t\t\t\t\t<\/div>\n\t\t<\/div>\n\t\t\t\t\t<\/div>\n\t\t<\/section>\n\t\t\t\t<section class=\"elementor-section elementor-top-section elementor-element elementor-element-5df8e14 elementor-section-boxed elementor-section-height-default elementor-section-height-default\" data-id=\"5df8e14\" data-element_type=\"section\">\n\t\t\t\t\t\t<div class=\"elementor-container elementor-column-gap-default\">\n\t\t\t\t\t<div class=\"elementor-column elementor-col-100 elementor-top-column elementor-element elementor-element-4882f90\" data-id=\"4882f90\" data-element_type=\"column\">\n\t\t\t<div class=\"elementor-widget-wrap elementor-element-populated\">\n\t\t\t\t\t\t<div class=\"elementor-element elementor-element-e2c64de elementor-widget elementor-widget-heading\" data-id=\"e2c64de\" data-element_type=\"widget\" data-widget_type=\"heading.default\">\n\t\t\t\t<div class=\"elementor-widget-container\">\n\t\t\t\t\t<h2 class=\"elementor-heading-title elementor-size-default\">En savoir plus sur Dentex !<\/h2>\t\t\t\t<\/div>\n\t\t\t\t<\/div>\n\t\t\t\t\t<\/div>\n\t\t<\/div>\n\t\t\t\t\t<\/div>\n\t\t<\/section>\n\t\t\t\t<section class=\"elementor-section elementor-inner-section elementor-element elementor-element-3a275992 elementor-section-boxed elementor-section-height-default elementor-section-height-default\" data-id=\"3a275992\" data-element_type=\"section\" data-settings=\"{&quot;background_background&quot;:&quot;classic&quot;}\">\n\t\t\t\t\t\t<div class=\"elementor-container elementor-column-gap-wide\">\n\t\t\t\t\t<div class=\"elementor-column elementor-col-33 elementor-inner-column elementor-element elementor-element-3561ac53\" data-id=\"3561ac53\" data-element_type=\"column\" data-settings=\"{&quot;background_background&quot;:&quot;classic&quot;}\">\n\t\t\t<div class=\"elementor-widget-wrap elementor-element-populated\">\n\t\t\t\t\t\t<div class=\"elementor-element elementor-element-689adaa elementor-flip-box--effect-slide elementor-flip-box--direction-up elementor-widget elementor-widget-flip-box\" data-id=\"689adaa\" data-element_type=\"widget\" data-widget_type=\"flip-box.default\">\n\t\t\t\t<div class=\"elementor-widget-container\">\n\t\t\t\t\t\t\t<div class=\"elementor-flip-box\" tabindex=\"0\">\n\t\t\t<div class=\"elementor-flip-box__layer elementor-flip-box__front\">\n\t\t\t\t<div class=\"elementor-flip-box__layer__overlay\">\n\t\t\t\t\t<div class=\"elementor-flip-box__layer__inner\">\n\t\t\t\t\t\t\n\t\t\t\t\t\t\t\t\t\t\t\t\t<h3 class=\"elementor-flip-box__layer__title\">\n\t\t\t\t\t\t\t\tliste des exposants\t\t\t\t\t\t\t<\/h3>\n\t\t\t\t\t\t\n\t\t\t\t\t\t\t\t\t\t\t<\/div>\n\t\t\t\t<\/div>\n\t\t\t<\/div>\n\t\t\t<a class=\"elementor-flip-box__layer elementor-flip-box__back\" href=\"https:\/\/www.dentex.dz\/en\/exhibit\/\" target=\"_blank\">\n\t\t\t<div class=\"elementor-flip-box__layer__overlay\">\n\t\t\t\t<div class=\"elementor-flip-box__layer__inner\">\n\t\t\t\t\t\t\t\t\t\t\t<h3 class=\"elementor-flip-box__layer__title\">\n\t\t\t\t\t\t\tliste des exposants\t\t\t\t\t\t<\/h3>\n\t\t\t\t\t\n\t\t\t\t\t\t\t\t\t\t\t<div class=\"elementor-flip-box__layer__description\">\n\t\t\t\t\t\t\tD\u00e9couvrez les exposants de Dentex 2021 !\t\t\t\t\t\t<\/div>\n\t\t\t\t\t\n\t\t\t\t\t\t\t\t\t\t\t<span class=\"elementor-flip-box__button elementor-button elementor-size-sm\">\n\t\t\t\t\t\t\tEn savoir plus\t\t\t\t\t\t<\/span>\n\t\t\t\t\t\t\t\t<\/div>\n\t\t<\/div>\n\t\t<\/a>\n\t\t<\/div>\n\t\t\t\t\t\t<\/div>\n\t\t\t\t<\/div>\n\t\t\t\t\t<\/div>\n\t\t<\/div>\n\t\t\t\t<div class=\"elementor-column elementor-col-33 elementor-inner-column elementor-element elementor-element-edc0ca3\" data-id=\"edc0ca3\" data-element_type=\"column\" data-settings=\"{&quot;background_background&quot;:&quot;classic&quot;}\">\n\t\t\t<div class=\"elementor-widget-wrap elementor-element-populated\">\n\t\t\t\t\t\t<div class=\"elementor-element elementor-element-ea82952 elementor-flip-box--effect-slide elementor-flip-box--direction-up elementor-widget elementor-widget-flip-box\" data-id=\"ea82952\" data-element_type=\"widget\" data-widget_type=\"flip-box.default\">\n\t\t\t\t<div class=\"elementor-widget-container\">\n\t\t\t\t\t\t\t<div class=\"elementor-flip-box\" tabindex=\"0\">\n\t\t\t<div class=\"elementor-flip-box__layer elementor-flip-box__front\">\n\t\t\t\t<div class=\"elementor-flip-box__layer__overlay\">\n\t\t\t\t\t<div class=\"elementor-flip-box__layer__inner\">\n\t\t\t\t\t\t\n\t\t\t\t\t\t\t\t\t\t\t\t\t<h3 class=\"elementor-flip-box__layer__title\">\n\t\t\t\t\t\t\t\tR\u00e9servez votre stand\t\t\t\t\t\t\t<\/h3>\n\t\t\t\t\t\t\n\t\t\t\t\t\t\t\t\t\t\t<\/div>\n\t\t\t\t<\/div>\n\t\t\t<\/div>\n\t\t\t<a class=\"elementor-flip-box__layer elementor-flip-box__back\" href=\"https:\/\/www.dentex.dz\/en\/exhibit\/exhibitor-enquiry\/\" target=\"_blank\">\n\t\t\t<div class=\"elementor-flip-box__layer__overlay\">\n\t\t\t\t<div class=\"elementor-flip-box__layer__inner\">\n\t\t\t\t\t\t\t\t\t\t\t<h3 class=\"elementor-flip-box__layer__title\">\n\t\t\t\t\t\t\tR\u00e9servez votre stand\t\t\t\t\t\t<\/h3>\n\t\t\t\t\t\n\t\t\t\t\t\t\t\t\t\t\t<div class=\"elementor-flip-box__layer__description\">\n\t\t\t\t\t\t\tVoulez rencontrer de nouveaux fournisseurs et plus de 5000 visiteurs ?\t\t\t\t\t\t<\/div>\n\t\t\t\t\t\n\t\t\t\t\t\t\t\t\t\t\t<span class=\"elementor-flip-box__button elementor-button elementor-size-sm\">\n\t\t\t\t\t\t\tR\u00c9SERVEZ MAINTENANT\t\t\t\t\t\t<\/span>\n\t\t\t\t\t\t\t\t<\/div>\n\t\t<\/div>\n\t\t<\/a>\n\t\t<\/div>\n\t\t\t\t\t\t<\/div>\n\t\t\t\t<\/div>\n\t\t\t\t\t<\/div>\n\t\t<\/div>\n\t\t\t\t<div class=\"elementor-column elementor-col-33 elementor-inner-column elementor-element elementor-element-7869c55f\" data-id=\"7869c55f\" data-element_type=\"column\" data-settings=\"{&quot;background_background&quot;:&quot;classic&quot;}\">\n\t\t\t<div class=\"elementor-widget-wrap elementor-element-populated\">\n\t\t\t\t\t\t<div class=\"elementor-element elementor-element-3c59af2c elementor-flip-box--effect-slide elementor-flip-box--direction-up elementor-widget elementor-widget-flip-box\" data-id=\"3c59af2c\" data-element_type=\"widget\" data-widget_type=\"flip-box.default\">\n\t\t\t\t<div class=\"elementor-widget-container\">\n\t\t\t\t\t\t\t<div class=\"elementor-flip-box\" tabindex=\"0\">\n\t\t\t<div class=\"elementor-flip-box__layer elementor-flip-box__front\">\n\t\t\t\t<div class=\"elementor-flip-box__layer__overlay\">\n\t\t\t\t\t<div class=\"elementor-flip-box__layer__inner\">\n\t\t\t\t\t\t\n\t\t\t\t\t\t\t\t\t\t\t\t\t<h3 class=\"elementor-flip-box__layer__title\">\n\t\t\t\t\t\t\t\tInscription visiteur\t\t\t\t\t\t\t<\/h3>\n\t\t\t\t\t\t\n\t\t\t\t\t\t\t\t\t\t\t<\/div>\n\t\t\t\t<\/div>\n\t\t\t<\/div>\n\t\t\t<a class=\"elementor-flip-box__layer elementor-flip-box__back\" href=\"https:\/\/registration.gesevent.com\/survey\/1otgue5w2nlj5?\" target=\"_blank\">\n\t\t\t<div class=\"elementor-flip-box__layer__overlay\">\n\t\t\t\t<div class=\"elementor-flip-box__layer__inner\">\n\t\t\t\t\t\t\t\t\t\t\t<h3 class=\"elementor-flip-box__layer__title\">\n\t\t\t\t\t\t\tInscription visiteur\t\t\t\t\t\t<\/h3>\n\t\t\t\t\t\n\t\t\t\t\t\t\t\t\t\t\t<div class=\"elementor-flip-box__layer__description\">\n\t\t\t\t\t\t\tInscrivez-vous gratuitement et venez d\u00e9couvrir les derni\u00e8res technologies de l'industrie dentaire !\t\t\t\t\t\t<\/div>\n\t\t\t\t\t\n\t\t\t\t\t\t\t\t\t\t\t<span class=\"elementor-flip-box__button elementor-button elementor-size-sm\">\n\t\t\t\t\t\t\tInscrivez-vous maintenant \t\t\t\t\t\t<\/span>\n\t\t\t\t\t\t\t\t<\/div>\n\t\t<\/div>\n\t\t<\/a>\n\t\t<\/div>\n\t\t\t\t\t\t<\/div>\n\t\t\t\t<\/div>\n\t\t\t\t\t<\/div>\n\t\t<\/div>\n\t\t\t\t\t<\/div>\n\t\t<\/section>\n\t\t\t\t<\/div>\n\t\t","protected":false},"excerpt":{"rendered":"<p>NOUVEAU TH\u00c8ME! &#8211; Gestion des cliniques\/cabinets dentaires Avec des r\u00e9glementations et des normes publicitaires en constante \u00e9volution, de nouvelles mesures de s\u00e9curit\u00e9 \u00e0 suivre, une technologie en d\u00e9veloppement rapide et une pand\u00e9mie mondiale affectant la pratique dentaire, la gestion d&rsquo;une clinique ou d&rsquo;un cabinet prosp\u00e8re devient un d\u00e9fi \u00e0 relever. Cette ann\u00e9e, sur DENTEX 2022, [&hellip;]<\/p>\n","protected":false},"author":9,"featured_media":0,"parent":0,"menu_order":600,"comment_status":"closed","ping_status":"closed","template":"","meta":{"_seopress_robots_primary_cat":"","_seopress_titles_title":"Dentex Alg\u00e9rie 2022 pr\u00e9sente sa nouvelle th\u00e9matique !","_seopress_titles_desc":"D\u00e9couvrez le nouveau th\u00e8me de DENTEX Alg\u00e9rie 2022","_seopress_robots_index":"","footnotes":""},"class_list":["post-3464","page","type-page","status-publish","hentry"],"_links":{"self":[{"href":"https:\/\/www.dentex.dz\/fr\/wp-json\/wp\/v2\/pages\/3464","targetHints":{"allow":["GET"]}}],"collection":[{"href":"https:\/\/www.dentex.dz\/fr\/wp-json\/wp\/v2\/pages"}],"about":[{"href":"https:\/\/www.dentex.dz\/fr\/wp-json\/wp\/v2\/types\/page"}],"author":[{"embeddable":true,"href":"https:\/\/www.dentex.dz\/fr\/wp-json\/wp\/v2\/users\/9"}],"replies":[{"embeddable":true,"href":"https:\/\/www.dentex.dz\/fr\/wp-json\/wp\/v2\/comments?post=3464"}],"version-history":[{"count":5,"href":"https:\/\/www.dentex.dz\/fr\/wp-json\/wp\/v2\/pages\/3464\/revisions"}],"predecessor-version":[{"id":7282,"href":"https:\/\/www.dentex.dz\/fr\/wp-json\/wp\/v2\/pages\/3464\/revisions\/7282"}],"wp:attachment":[{"href":"https:\/\/www.dentex.dz\/fr\/wp-json\/wp\/v2\/media?parent=3464"}],"curies":[{"name":"wp","href":"https:\/\/api.w.org\/{rel}","templated":true}]}}