{"id":34235,"date":"2025-05-08T08:48:12","date_gmt":"2025-05-08T07:48:12","guid":{"rendered":"https:\/\/www.dentex.dz\/?page_id=34235"},"modified":"2025-05-20T14:37:36","modified_gmt":"2025-05-20T13:37:36","slug":"workshops-2","status":"publish","type":"page","link":"https:\/\/www.dentex.dz\/fr\/workshops-2\/","title":{"rendered":"Workshops : Salle 2"},"content":{"rendered":"\t\t<div data-elementor-type=\"wp-page\" data-elementor-id=\"34235\" class=\"elementor elementor-34235 elementor-34233\" data-elementor-post-type=\"page\">\n\t\t\t\t\t\t<section class=\"elementor-section elementor-top-section elementor-element elementor-element-ee972b4 elementor-section-boxed elementor-section-height-default elementor-section-height-default\" data-id=\"ee972b4\" data-element_type=\"section\" data-settings=\"{&quot;background_background&quot;:&quot;classic&quot;}\">\n\t\t\t\t\t\t\t<div class=\"elementor-background-overlay\"><\/div>\n\t\t\t\t\t\t\t<div class=\"elementor-container elementor-column-gap-default\">\n\t\t\t\t\t<div class=\"elementor-column elementor-col-100 elementor-top-column elementor-element elementor-element-fd6a02b\" data-id=\"fd6a02b\" data-element_type=\"column\">\n\t\t\t<div class=\"elementor-widget-wrap elementor-element-populated\">\n\t\t\t\t\t\t<div class=\"elementor-element elementor-element-bcb6935 elementor-widget elementor-widget-heading\" data-id=\"bcb6935\" data-element_type=\"widget\" data-widget_type=\"heading.default\">\n\t\t\t\t<div class=\"elementor-widget-container\">\n\t\t\t\t\t<h2 class=\"elementor-heading-title elementor-size-default\">Programme de Workshops Dentex 2025 : Salle 2<\/h2>\t\t\t\t<\/div>\n\t\t\t\t<\/div>\n\t\t\t\t<div class=\"elementor-element elementor-element-4f8c3a6 elementor-widget elementor-widget-text-editor\" data-id=\"4f8c3a6\" data-element_type=\"widget\" data-widget_type=\"text-editor.default\">\n\t\t\t\t<div class=\"elementor-widget-container\">\n\t\t\t\t\t\t\t\t\t<p>Dentex Alg\u00e9rie 2025, premier salon dentaire en Alg\u00e9rie, propose une gamme diversifi\u00e9e d&rsquo;opportunit\u00e9s p\u00e9dagogiques \u00e0 travers une multitude d&rsquo;ateliers.<br \/>\nCes ateliers couvrent une vari\u00e9t\u00e9 de sujets, des derni\u00e8res avanc\u00e9es en mati\u00e8re de technologie dentaire aux techniques de traitement innovantes.<br \/>\nPour b\u00e9n\u00e9ficier de ces pr\u00e9cieuses exp\u00e9riences, les personnes int\u00e9ress\u00e9es peuvent s&rsquo;inscrire directement aupr\u00e8s des entreprises h\u00e9bergeant les ateliers.<\/p>\n\t\t\t\t\t\t\t\t<\/div>\n\t\t\t\t<\/div>\n\t\t\t\t<div class=\"elementor-element elementor-element-20d44ac elementor-align-center elementor-mobile-align-center elementor-invisible elementor-widget elementor-widget-dynamic-button\" data-id=\"20d44ac\" data-element_type=\"widget\" data-settings=\"{&quot;_animation&quot;:&quot;slideInRight&quot;,&quot;_animation_mobile&quot;:&quot;slideInUp&quot;}\" data-widget_type=\"dynamic-button.default\">\n\t\t\t\t<div class=\"elementor-widget-container\">\n\t\t\t\t\t        <div class=\"elementor-button-wrapper\">\n            <a href=\"https:\/\/register.visitcloud.com\/survey\/32bxw4tf6ibkm\" target=\"_blank\" class=\"elementor-button-link elementor-button elementor-size-xl elementor-animation-grow\" role=\"button\">\n                        <span class=\"elementor-button-content-wrapper\">\n\t\t\t                <span class=\"elementor-button-icon elementor-align-icon-right\">\n\t\t\t\t<i aria-hidden=\"true\" class=\"fas fa-tooth\"><\/i>\t\t\t<\/span>\n            \t\t\t<span class=\"elementor-button-text\">Inscription visiteurs<\/span>\n\t\t<\/span>\n                    <\/a>\n        <\/div>\n        \t\t\t\t<\/div>\n\t\t\t\t<\/div>\n\t\t\t\t<div class=\"elementor-element elementor-element-a6db465 elementor-align-left elementor-hidden-desktop elementor-hidden-tablet elementor-hidden-mobile elementor-widget elementor-widget-global elementor-global-6518 elementor-global-6266 elementor-widget-dynamic-button\" data-id=\"a6db465\" data-element_type=\"widget\" data-widget_type=\"dynamic-button.default\">\n\t\t\t\t<div class=\"elementor-widget-container\">\n\t\t\t\t\t        <div class=\"elementor-button-wrapper\">\n            <a href=\"https:\/\/register.visitcloud.com\/survey\/3hvezlkobesbt\" target=\"_blank\" class=\"elementor-button-link elementor-button elementor-size-sm\" role=\"button\">\n                        <span class=\"elementor-button-content-wrapper\">\n\t\t\t                <span class=\"elementor-button-icon elementor-align-icon-right\">\n\t\t\t\t<i aria-hidden=\"true\" class=\"fas fa-angle-right\"><\/i>\t\t\t<\/span>\n            \t\t\t<span class=\"elementor-button-text\">Inscription visiteurs<\/span>\n\t\t<\/span>\n                    <\/a>\n        <\/div>\n        \t\t\t\t<\/div>\n\t\t\t\t<\/div>\n\t\t\t\t\t<\/div>\n\t\t<\/div>\n\t\t\t\t\t<\/div>\n\t\t<\/section>\n\t\t\t\t<section class=\"elementor-section elementor-top-section elementor-element elementor-element-7cc6d8f elementor-section-full_width elementor-section-height-default elementor-section-height-default\" data-id=\"7cc6d8f\" data-element_type=\"section\" data-settings=\"{&quot;background_background&quot;:&quot;classic&quot;}\">\n\t\t\t\t\t\t\t<div class=\"elementor-background-overlay\"><\/div>\n\t\t\t\t\t\t\t<div class=\"elementor-container elementor-column-gap-default\">\n\t\t\t\t\t<div class=\"elementor-column elementor-col-100 elementor-top-column elementor-element elementor-element-68edbb7\" data-id=\"68edbb7\" data-element_type=\"column\">\n\t\t\t<div class=\"elementor-widget-wrap elementor-element-populated\">\n\t\t\t\t\t\t<div class=\"elementor-element elementor-element-0148882 elementor-widget elementor-widget-easyfairs-activities\" data-id=\"0148882\" data-element_type=\"widget\" data-widget_type=\"easyfairs-activities.default\">\n\t\t\t\t<div class=\"elementor-widget-container\">\n\t\t\t\t\t        <div class=\"ef_scheduler scheduler-grid\">\n            <div class=\"view_switch\">\n                <div class=\"view_change hidden\"><span class=\"dashicons dashicons-calendar\"><\/span> View as timesheet<\/div>\n                <div class=\"view_change\"><span class=\"dashicons dashicons-editor-ul\"><\/span> View as list<\/div>\n            <\/div>\n\t\t\t<div class=\"scheduler_tabs\">\n\n           \t\t<input type=\"radio\" class=\"tab_change\" value=\"1\" id=\"scheduletab1\" name=\"tab\" checked>\n\t\t<label for=\"scheduletab1\">mai 28, 2025<\/label>\n\t\t\t\t<input type=\"radio\" class=\"tab_change\" value=\"2\" id=\"scheduletab2\" name=\"tab\" >\n\t\t<label for=\"scheduletab2\">mai 29, 2025<\/label>\n\t\t\t\t<input type=\"radio\" class=\"tab_change\" value=\"3\" id=\"scheduletab3\" name=\"tab\" >\n\t\t<label for=\"scheduletab3\">mai 30, 2025<\/label>\n\t\t\t\t<input type=\"radio\" class=\"tab_change\" value=\"4\" id=\"scheduletab4\" name=\"tab\" >\n\t\t<label for=\"scheduletab4\">mai 31, 2025<\/label>\n\t\t\t\t\t<\/div>\n        <div class='easyfairs-schedule schedule-20250528' id='schedule1'>\t\t\t\t<\/div>\n\t\t\t<style>\n\t\t\t\t.schedule-20250528 {\n\t\t\t\t\tpadding-top: 2em;\n\t\t\t\t}\n\n\t\t\t\t@media screen and (min-width:700px) {\n\t\t\t\t\t.schedule-20250528 {\n\t\t\t\t\t\tdisplay: grid;\n\t\t\t\t\t\tgap: 1em;\n\t\t\t\t\t}\n\t\t\t\t}\n\n\t\t\t\t.schedule-20250528 {\n\n\t\t\t\t\t\tgrid-template-rows:\n\t\t\t\t\t\t\t[tracks] auto\n\n\t\t\t\t\t\t\t;\n\t\t\t\t\t\tgrid-template-columns:\n\t\t\t\t\t\t\t[times] 4.5em\n\t\t\t\t\t\t\t\t\t\t\t\t\t}\n\n\t\t\t\t\t.schedule-20250528 .time-slot {\n\t\t\t\t\t\tdisplay: grid;\n\t\t\t\t\t\tgrid-column: times;\n\t\t\t\t\t\tgrid-column-end: track-0;\n\t\t\t\t\t\tz-index: 1;\n\t\t\t\t\t}\n\t\t\t\t\t}\n\t\t\t\t}\n\t\t\t<\/style>\n\t\t<div class='easyfairs-schedule schedule-20250529 hidden' id='schedule2'>\t\t\t\t<\/div>\n\t\t\t<style>\n\t\t\t\t.schedule-20250529 {\n\t\t\t\t\tpadding-top: 2em;\n\t\t\t\t}\n\n\t\t\t\t@media screen and (min-width:700px) {\n\t\t\t\t\t.schedule-20250529 {\n\t\t\t\t\t\tdisplay: grid;\n\t\t\t\t\t\tgap: 1em;\n\t\t\t\t\t}\n\t\t\t\t}\n\n\t\t\t\t.schedule-20250529 {\n\n\t\t\t\t\t\tgrid-template-rows:\n\t\t\t\t\t\t\t[tracks] auto\n\n\t\t\t\t\t\t\t;\n\t\t\t\t\t\tgrid-template-columns:\n\t\t\t\t\t\t\t[times] 4.5em\n\t\t\t\t\t\t\t\t\t\t\t\t\t}\n\n\t\t\t\t\t.schedule-20250529 .time-slot {\n\t\t\t\t\t\tdisplay: grid;\n\t\t\t\t\t\tgrid-column: times;\n\t\t\t\t\t\tgrid-column-end: track-0;\n\t\t\t\t\t\tz-index: 1;\n\t\t\t\t\t}\n\t\t\t\t\t}\n\t\t\t\t}\n\t\t\t<\/style>\n\t\t<div class='easyfairs-schedule schedule-20250530 hidden' id='schedule3'>\t\t\t\t<\/div>\n\t\t\t<style>\n\t\t\t\t.schedule-20250530 {\n\t\t\t\t\tpadding-top: 2em;\n\t\t\t\t}\n\n\t\t\t\t@media screen and (min-width:700px) {\n\t\t\t\t\t.schedule-20250530 {\n\t\t\t\t\t\tdisplay: grid;\n\t\t\t\t\t\tgap: 1em;\n\t\t\t\t\t}\n\t\t\t\t}\n\n\t\t\t\t.schedule-20250530 {\n\n\t\t\t\t\t\tgrid-template-rows:\n\t\t\t\t\t\t\t[tracks] auto\n\n\t\t\t\t\t\t\t;\n\t\t\t\t\t\tgrid-template-columns:\n\t\t\t\t\t\t\t[times] 4.5em\n\t\t\t\t\t\t\t\t\t\t\t\t\t}\n\n\t\t\t\t\t.schedule-20250530 .time-slot {\n\t\t\t\t\t\tdisplay: grid;\n\t\t\t\t\t\tgrid-column: times;\n\t\t\t\t\t\tgrid-column-end: track-0;\n\t\t\t\t\t\tz-index: 1;\n\t\t\t\t\t}\n\t\t\t\t\t}\n\t\t\t\t}\n\t\t\t<\/style>\n\t\t<div class='easyfairs-schedule schedule-20250531 hidden' id='schedule4'>\t\t\t\t<\/div>\n\t\t\t<style>\n\t\t\t\t.schedule-20250531 {\n\t\t\t\t\tpadding-top: 2em;\n\t\t\t\t}\n\n\t\t\t\t@media screen and (min-width:700px) {\n\t\t\t\t\t.schedule-20250531 {\n\t\t\t\t\t\tdisplay: grid;\n\t\t\t\t\t\tgap: 1em;\n\t\t\t\t\t}\n\t\t\t\t}\n\n\t\t\t\t.schedule-20250531 {\n\n\t\t\t\t\t\tgrid-template-rows:\n\t\t\t\t\t\t\t[tracks] auto\n\n\t\t\t\t\t\t\t;\n\t\t\t\t\t\tgrid-template-columns:\n\t\t\t\t\t\t\t[times] 4.5em\n\t\t\t\t\t\t\t\t\t\t\t\t\t}\n\n\t\t\t\t\t.schedule-20250531 .time-slot {\n\t\t\t\t\t\tdisplay: grid;\n\t\t\t\t\t\tgrid-column: times;\n\t\t\t\t\t\tgrid-column-end: track-0;\n\t\t\t\t\t\tz-index: 1;\n\t\t\t\t\t}\n\t\t\t\t\t}\n\t\t\t\t}\n\t\t\t<\/style>\n\t\t\n\t\t\t<style>\n                .session {\n                    cursor:pointer !important;\n                }\n\n\t\t\t\t.view_change {\n\t\t\t\t\tcursor:pointer !important;\n\t\t\t\t\tdisplay:inline-block;\n\t\t\t\t}\n\n\t\t\t\t.view_change .dashicons::before {\n\t\t\t\t\tvertical-align:middle;\n\t\t\t\t\tdisplay:inline-block;\n\t\t\t\t}\n\n\t\t\t\t.view_switch {\n\t\t\t\t\tdisplay: none;\n\t\t\t\t\tpadding:16px;\n\t\t\t\t\tcolor: white;\n\t\t\t\t\tfont-size: 16px;\n\t\t\t\t}\n\n\t\t\t\t.time-slot {\n\t\t\t\t\tdisplay:none;\n\t\t\t\t}\n\n\t\t\t\t.session {\n\t\t\t\t\tdisplay:block;\n\t\t\t\t}\n\n\t\t\t\t.speaker {\n\t\t\t\t\tdisplay: flex;\n\t\t\t\t}\n\n\t\t\t\t.speaker_info {\n\t\t\t\t\tflex-grow: 1;\n\t\t\t\t}\n\n\t\t\t\t.speaker_name {\n\t\t\t\t\tfont-size: 16px;\n\t\t\t\t\tmargin-bottom: 8px;\n\t\t\t\t}\n\n\t\t\t\t.speaker_job_title {\n\t\t\t\t\tfont-size: 14px;\n\t\t\t\t}\n\n\t\t\t\t.session {\n\t\t\t\t\tpadding:16px;\n\t\t\t\t\tbackground-color: #1259B2;\n\t\t\t\t\tcolor: #fff !important;\n\t\t\t\t}\n\n\t\t\t\t.session .speaker .speaker_avatar {\n\t\t\t\t\twidth:32px;\n\t\t\t\t\theight:32px;\n\t\t\t\t\tborder-radius:50%;\n\t\t\t\t\tmargin-right:5px;\n\t\t\t\t}\n\n\t\t\t\t.tab_change {\n\t\t\t\t\tdisplay:none;\n\t\t\t\t}\n\n\t\t\t\t.ef_scheduler label {\n\t\t\t\t\tdisplay: inline-block;\n\t\t\t\t\tfont-size: 16px;\n\t\t\t\t\tpadding: 16px;\n\t\t\t\t\ttext-align: center;\n\t\t\t\t\tbackground: #f4f4f4;\n\t\t\t\t\tcolor: #555;\n\t\t\t\t\tposition: relative;\n\t\t\t\t\ttransition: 0.25s background ease;\n\t\t\t\t\tcursor: pointer;\n\t\t\t\t}\n\n\t\t\t\t@media screen and (min-width:700px) {\n\t\t\t\t\t.view_switch {\n\t\t\t\t\t\tdisplay:block;\n\t\t\t\t\t}\n\n\t\t\t\t\t.ef_scheduler:not(.scheduler-list) .session-location {\n\t\t\t\t\t\tdisplay:none !important;\n\t\t\t\t\t}\n\n\t\t\t\t}\n\n                @media screen and (max-width:699px) {\n                    .scheduler_tabs label {\n                        display:inline-block;\n                        float:left;\n                        width:50%;\n                    }\n\n                    .time-slot {\n                        display:none !important;\n                    }\n                }\n\n\t\t\t\t.scheduler-list .track-slot,\n\t\t\t\t.scheduler-list .time-slot {\n\t\t\t\t\tdisplay: none;\n\t\t\t\t}\n\n\t\t\t\t.scheduler-list .session-location {\n\t\t\t\t\tdisplay: inline-block;\n\t\t\t\t}\n\n\t\t\t\t@supports( display:grid ) {\n\t\t\t\t\t@media screen and (min-width:700px) {\n\t\t\t\t\t\t.ef_scheduler:not(.scheduler-list) .track-slot {\n\t\t\t\t\t\t\tdisplay: block;\n\t\t\t\t\t\t\tpadding: 10px 5px 5px;\n\t\t\t\t\t\t\tposition: sticky;\n\t\t\t\t\t\t\ttop: 0px;\n\t\t\t\t\t\t\tz-index: 1000;\n\t\t\t\t\t\t\tbackground-color: rgba(255,255,255,.9);\n\t\t\t\t\t\t}\n\n\t\t\t\t\t\t.session {\n\t\t\t\t\t\t\tmargin: 0;\n\t\t\t\t\t\t}\n\t\t\t\t\t}\n\t\t\t\t}\n                .easyfairs-schedule {\n                    clear:left;\n                }\n\n\t\t\t\t.scheduler-list .easyfairs-schedule {\n\t\t\t\t\tdisplay:block;\n\t\t\t\t}\n\n\t\t\t\t\/* Small-screen & fallback styles *\/\n\t\t\t\t.session {\n\t\t\t\t\tmargin-bottom:  1em;\n\t\t\t\t}\n\n\t\t\t\t.track-slot {\n\t\t\t\t\tdisplay:none;\n\t\t\t\t}\n\n\t\t\t\t.session {\n\t\t\t\t\tpadding: 16px;\n\t\t\t\t\tz-index:2;\n\t\t\t\t}\n\n\t\t\t\t.session-time {\n\t\t\t\t\tfont-size:16px;\n\t\t\t\t}\n\n\t\t\t\t.session-location {\n\t\t\t\t\tdisplay:inline-block;\n\t\t\t\t}\n\n\t\t\t\t.session_speakers {\n\t\t\t\t\tmargin-top:24px;\n\t\t\t\t}\n\n\t\t\t\t.session-title,\n\t\t\t\t {\n\t\t\t\t\tdisplay: block;\n\t\t\t\t }\n\n\t\t\t\t.session-time {\n\t\t\t\t\tdisplay: inline-block;\n\t\t\t\t}\n\n\t\t\t\t.session-title {\n\t\t\t\t\tmargin-bottom:8px;\n\t\t\t\t}\n\n\t\t\t\t.session-title,\n\t\t\t\t.time-slot {\n\t\t\t\t\tz-index:1;\n\t\t\t\t\tmargin: 0;\n\t\t\t\t\tfont-weight: 700;\n\t\t\t\t\tfont-size: 16px;\n\t\t\t\t}\n\n\t\t\t\t.track-all {\n\t\t\t\t\tdisplay: flex;\n\t\t\t\t\tjustify-content: center;\n\t\t\t\t\talign-items: center;\n\t\t\t\t\tbackground: #ccc;\n\t\t\t\t\tcolor: #000;\n\t\t\t\t\tbox-shadow: none;\n\t\t\t\t}\n\t\t\t<\/style>\n        <\/div>\t\t\t\t<\/div>\n\t\t\t\t<\/div>\n\t\t\t\t\t<\/div>\n\t\t<\/div>\n\t\t\t\t\t<\/div>\n\t\t<\/section>\n\t\t\t\t<\/div>\n\t\t","protected":false},"excerpt":{"rendered":"<p>Programme de Workshops Dentex 2025 : Salle 2 Dentex Alg\u00e9rie 2025, premier salon dentaire en Alg\u00e9rie, propose une gamme diversifi\u00e9e d&rsquo;opportunit\u00e9s p\u00e9dagogiques \u00e0 travers une multitude d&rsquo;ateliers. Ces ateliers couvrent une vari\u00e9t\u00e9 de sujets, des derni\u00e8res avanc\u00e9es en mati\u00e8re de technologie dentaire aux techniques de traitement innovantes. Pour b\u00e9n\u00e9ficier de ces pr\u00e9cieuses exp\u00e9riences, les personnes [&hellip;]<\/p>\n","protected":false},"author":82,"featured_media":0,"parent":0,"menu_order":0,"comment_status":"closed","ping_status":"closed","template":"","meta":{"_seopress_robots_primary_cat":"","_seopress_titles_title":"","_seopress_titles_desc":"Nos ateliers sont anim\u00e9s par des experts et couvrent une gamme de sujets adapt\u00e9s aux besoins des professionnels dentaires, qu'ils soient nouveaux ou exp\u00e9riment\u00e9s.","_seopress_robots_index":"","footnotes":""},"class_list":["post-34235","page","type-page","status-publish","hentry"],"_links":{"self":[{"href":"https:\/\/www.dentex.dz\/fr\/wp-json\/wp\/v2\/pages\/34235","targetHints":{"allow":["GET"]}}],"collection":[{"href":"https:\/\/www.dentex.dz\/fr\/wp-json\/wp\/v2\/pages"}],"about":[{"href":"https:\/\/www.dentex.dz\/fr\/wp-json\/wp\/v2\/types\/page"}],"author":[{"embeddable":true,"href":"https:\/\/www.dentex.dz\/fr\/wp-json\/wp\/v2\/users\/82"}],"replies":[{"embeddable":true,"href":"https:\/\/www.dentex.dz\/fr\/wp-json\/wp\/v2\/comments?post=34235"}],"version-history":[{"count":5,"href":"https:\/\/www.dentex.dz\/fr\/wp-json\/wp\/v2\/pages\/34235\/revisions"}],"predecessor-version":[{"id":38110,"href":"https:\/\/www.dentex.dz\/fr\/wp-json\/wp\/v2\/pages\/34235\/revisions\/38110"}],"wp:attachment":[{"href":"https:\/\/www.dentex.dz\/fr\/wp-json\/wp\/v2\/media?parent=34235"}],"curies":[{"name":"wp","href":"https:\/\/api.w.org\/{rel}","templated":true}]}}