{"id":26986,"date":"2024-09-03T09:11:03","date_gmt":"2024-09-03T08:11:03","guid":{"rendered":"https:\/\/www.dentex.dz\/%d9%82%d9%85-%d8%a8%d8%b2%d9%8a%d8%a7%d8%b1%d8%a9\/%d8%aa%d8%b5%d9%85%d9%8a%d9%85-%d9%84%d9%84%d9%85%d8%b4%d8%a7%d8%b1%d9%83%d9%8a%d9%86\/"},"modified":"2026-04-21T14:19:21","modified_gmt":"2026-04-21T13:19:21","slug":"%d8%aa%d8%b5%d9%85%d9%8a%d9%85-%d9%84%d9%84%d9%85%d8%b4%d8%a7%d8%b1%d9%83%d9%8a%d9%86","status":"publish","type":"page","link":"https:\/\/www.dentex.dz\/fr\/visiter\/%d8%aa%d8%b5%d9%85%d9%8a%d9%85-%d9%84%d9%84%d9%85%d8%b4%d8%a7%d8%b1%d9%83%d9%8a%d9%86\/","title":{"rendered":"\u062a\u0635\u0645\u064a\u0645 \u0644\u0644\u0645\u0634\u0627\u0631\u0643\u064a\u0646"},"content":{"rendered":"\t\t<div data-elementor-type=\"wp-post\" data-elementor-id=\"26986\" class=\"elementor elementor-26986 elementor-195\" data-elementor-post-type=\"page\">\n\t\t\t\t\t\t<section class=\"elementor-section elementor-top-section elementor-element elementor-element-47fde47a elementor-section-height-min-height elementor-section-content-middle elementor-section-boxed elementor-section-height-default elementor-section-items-middle\" data-id=\"47fde47a\" data-element_type=\"section\" data-settings=\"{&quot;background_background&quot;:&quot;classic&quot;}\">\n\t\t\t\t\t\t<div class=\"elementor-container elementor-column-gap-wider\">\n\t\t\t\t\t<div class=\"elementor-column elementor-col-50 elementor-top-column elementor-element elementor-element-45f533a9\" data-id=\"45f533a9\" data-element_type=\"column\">\n\t\t\t<div class=\"elementor-widget-wrap elementor-element-populated\">\n\t\t\t\t\t\t<div class=\"elementor-element elementor-element-6d76445e elementor-widget elementor-widget-heading\" data-id=\"6d76445e\" data-element_type=\"widget\" data-widget_type=\"heading.default\">\n\t\t\t\t<div class=\"elementor-widget-container\">\n\t\t\t\t\t<h1 class=\"elementor-heading-title elementor-size-default\">El\u00e9ments marketing pour les exposants<\/h1>\t\t\t\t<\/div>\n\t\t\t\t<\/div>\n\t\t\t\t<div class=\"elementor-element elementor-element-9bdb870 elementor-widget elementor-widget-text-editor\" data-id=\"9bdb870\" data-element_type=\"widget\" data-widget_type=\"text-editor.default\">\n\t\t\t\t<div class=\"elementor-widget-container\">\n\t\t\t\t\t\t\t\t\t<p>Dentex Alg\u00e9rie met \u00e0 votre disposition des logos et banni\u00e8res de diff\u00e9rentes dimensions afin que vous puissiez partager votre participation \u00e0 l&rsquo;\u00e9v\u00e9nement.<\/p>\n\t\t\t\t\t\t\t\t<\/div>\n\t\t\t\t<\/div>\n\t\t\t\t\t<\/div>\n\t\t<\/div>\n\t\t\t\t<div class=\"elementor-column elementor-col-50 elementor-top-column elementor-element elementor-element-50f01870\" data-id=\"50f01870\" data-element_type=\"column\">\n\t\t\t<div class=\"elementor-widget-wrap elementor-element-populated\">\n\t\t\t\t\t\t<div class=\"elementor-element elementor-element-5f47914 elementor-widget elementor-widget-image\" data-id=\"5f47914\" data-element_type=\"widget\" data-widget_type=\"image.default\">\n\t\t\t\t<div class=\"elementor-widget-container\">\n\t\t\t\t\t\t\t\t\t\t\t\t\t\t\t<img fetchpriority=\"high\" decoding=\"async\" width=\"800\" height=\"533\" src=\"https:\/\/easyfairsassets.com\/sites\/160\/2023\/11\/20220602165628__MG_9424-01-1024x682.jpeg\" class=\"attachment-large size-large wp-image-17613\" alt=\"\" srcset=\"https:\/\/easyfairsassets.com\/sites\/160\/2023\/11\/20220602165628__MG_9424-01-1024x682.jpeg 1024w, https:\/\/easyfairsassets.com\/sites\/160\/2023\/11\/20220602165628__MG_9424-01-300x200.jpeg 300w, https:\/\/easyfairsassets.com\/sites\/160\/2023\/11\/20220602165628__MG_9424-01-768x512.jpeg 768w, https:\/\/easyfairsassets.com\/sites\/160\/2023\/11\/20220602165628__MG_9424-01-1536x1024.jpeg 1536w, https:\/\/easyfairsassets.com\/sites\/160\/2023\/11\/20220602165628__MG_9424-01.jpeg 2000w\" sizes=\"(max-width: 800px) 100vw, 800px\" \/>\t\t\t\t\t\t\t\t\t\t\t\t\t\t\t<\/div>\n\t\t\t\t<\/div>\n\t\t\t\t\t<\/div>\n\t\t<\/div>\n\t\t\t\t\t<\/div>\n\t\t<\/section>\n\t\t\t\t<section class=\"elementor-section elementor-top-section elementor-element elementor-element-b210937 elementor-section-boxed elementor-section-height-default elementor-section-height-default\" data-id=\"b210937\" data-element_type=\"section\" data-settings=\"{&quot;background_background&quot;:&quot;classic&quot;}\">\n\t\t\t\t\t\t<div class=\"elementor-container elementor-column-gap-default\">\n\t\t\t\t\t<div class=\"elementor-column elementor-col-100 elementor-top-column elementor-element elementor-element-aa273e7\" data-id=\"aa273e7\" data-element_type=\"column\">\n\t\t\t<div class=\"elementor-widget-wrap elementor-element-populated\">\n\t\t\t\t\t\t<div class=\"elementor-element elementor-element-21b5de7 elementor-widget elementor-widget-heading\" data-id=\"21b5de7\" data-element_type=\"widget\" data-widget_type=\"heading.default\">\n\t\t\t\t<div class=\"elementor-widget-container\">\n\t\t\t\t\t<h2 class=\"elementor-heading-title elementor-size-default\">Logos Dentex Alg\u00e9rie 2026<\/h2>\t\t\t\t<\/div>\n\t\t\t\t<\/div>\n\t\t\t\t\t<\/div>\n\t\t<\/div>\n\t\t\t\t\t<\/div>\n\t\t<\/section>\n\t\t\t\t<section class=\"elementor-section elementor-top-section elementor-element elementor-element-589186b elementor-section-boxed elementor-section-height-default elementor-section-height-default\" data-id=\"589186b\" data-element_type=\"section\">\n\t\t\t\t\t\t<div class=\"elementor-container elementor-column-gap-default\">\n\t\t\t\t\t<div class=\"elementor-column elementor-col-50 elementor-top-column elementor-element elementor-element-a3678c3\" data-id=\"a3678c3\" data-element_type=\"column\">\n\t\t\t<div class=\"elementor-widget-wrap elementor-element-populated\">\n\t\t\t\t\t\t<div class=\"elementor-element elementor-element-68d2a72 elementor-widget elementor-widget-image\" data-id=\"68d2a72\" data-element_type=\"widget\" data-widget_type=\"image.default\">\n\t\t\t\t<div class=\"elementor-widget-container\">\n\t\t\t\t\t\t\t\t\t\t\t\t\t\t\t\t<a href=\"https:\/\/easyfairsassets.com\/sites\/160\/2025\/07\/Dentex-Logo-Blue-2026.jpg\" target=\"_blank\">\n\t\t\t\t\t\t\t<img decoding=\"async\" width=\"792\" height=\"612\" src=\"https:\/\/easyfairsassets.com\/sites\/160\/2025\/07\/Dentex-Logo-Blue-2026.jpg\" class=\"attachment-large size-large wp-image-38990\" alt=\"\" srcset=\"https:\/\/easyfairsassets.com\/sites\/160\/2025\/07\/Dentex-Logo-Blue-2026.jpg 792w, https:\/\/easyfairsassets.com\/sites\/160\/2025\/07\/Dentex-Logo-Blue-2026-300x232.jpg 300w, https:\/\/easyfairsassets.com\/sites\/160\/2025\/07\/Dentex-Logo-Blue-2026-768x593.jpg 768w\" sizes=\"(max-width: 792px) 100vw, 792px\" \/>\t\t\t\t\t\t\t\t<\/a>\n\t\t\t\t\t\t\t\t\t\t\t\t\t\t\t<\/div>\n\t\t\t\t<\/div>\n\t\t\t\t\t<\/div>\n\t\t<\/div>\n\t\t\t\t<div class=\"elementor-column elementor-col-50 elementor-top-column elementor-element elementor-element-4c1a510\" data-id=\"4c1a510\" data-element_type=\"column\">\n\t\t\t<div class=\"elementor-widget-wrap elementor-element-populated\">\n\t\t\t\t\t\t<div class=\"elementor-element elementor-element-05f8f64 elementor-widget elementor-widget-image\" data-id=\"05f8f64\" data-element_type=\"widget\" data-widget_type=\"image.default\">\n\t\t\t\t<div class=\"elementor-widget-container\">\n\t\t\t\t\t\t\t\t\t\t\t\t\t\t\t\t<a href=\"https:\/\/easyfairsassets.com\/sites\/160\/2025\/07\/Dentex-Logo-Light-Blue-Gradient-2026.jpg\" target=\"_blank\">\n\t\t\t\t\t\t\t<img decoding=\"async\" width=\"792\" height=\"612\" src=\"https:\/\/easyfairsassets.com\/sites\/160\/2025\/07\/Dentex-Logo-Light-Blue-Gradient-2026.jpg\" class=\"attachment-large size-large wp-image-38993\" alt=\"\" srcset=\"https:\/\/easyfairsassets.com\/sites\/160\/2025\/07\/Dentex-Logo-Light-Blue-Gradient-2026.jpg 792w, https:\/\/easyfairsassets.com\/sites\/160\/2025\/07\/Dentex-Logo-Light-Blue-Gradient-2026-300x232.jpg 300w, https:\/\/easyfairsassets.com\/sites\/160\/2025\/07\/Dentex-Logo-Light-Blue-Gradient-2026-768x593.jpg 768w\" sizes=\"(max-width: 792px) 100vw, 792px\" \/>\t\t\t\t\t\t\t\t<\/a>\n\t\t\t\t\t\t\t\t\t\t\t\t\t\t\t<\/div>\n\t\t\t\t<\/div>\n\t\t\t\t\t<\/div>\n\t\t<\/div>\n\t\t\t\t\t<\/div>\n\t\t<\/section>\n\t\t\t\t<section class=\"elementor-section elementor-top-section elementor-element elementor-element-a15f337 elementor-section-boxed elementor-section-height-default elementor-section-height-default\" data-id=\"a15f337\" data-element_type=\"section\">\n\t\t\t\t\t\t<div class=\"elementor-container elementor-column-gap-default\">\n\t\t\t\t\t<div class=\"elementor-column elementor-col-50 elementor-top-column elementor-element elementor-element-7deebae\" data-id=\"7deebae\" data-element_type=\"column\">\n\t\t\t<div class=\"elementor-widget-wrap elementor-element-populated\">\n\t\t\t\t\t\t<div class=\"elementor-element elementor-element-fb17738 elementor-widget elementor-widget-image\" data-id=\"fb17738\" data-element_type=\"widget\" data-widget_type=\"image.default\">\n\t\t\t\t<div class=\"elementor-widget-container\">\n\t\t\t\t\t\t\t\t\t\t\t\t\t\t\t\t<a href=\"https:\/\/easyfairsassets.com\/sites\/160\/2025\/07\/Dentex-Logo-Light-Blue-Reversed-2026.jpg\" target=\"_blank\">\n\t\t\t\t\t\t\t<img loading=\"lazy\" decoding=\"async\" width=\"792\" height=\"612\" src=\"https:\/\/easyfairsassets.com\/sites\/160\/2025\/07\/Dentex-Logo-Light-Blue-Reversed-2026.jpg\" class=\"attachment-large size-large wp-image-38999\" alt=\"\" srcset=\"https:\/\/easyfairsassets.com\/sites\/160\/2025\/07\/Dentex-Logo-Light-Blue-Reversed-2026.jpg 792w, https:\/\/easyfairsassets.com\/sites\/160\/2025\/07\/Dentex-Logo-Light-Blue-Reversed-2026-300x232.jpg 300w, https:\/\/easyfairsassets.com\/sites\/160\/2025\/07\/Dentex-Logo-Light-Blue-Reversed-2026-768x593.jpg 768w\" sizes=\"(max-width: 792px) 100vw, 792px\" \/>\t\t\t\t\t\t\t\t<\/a>\n\t\t\t\t\t\t\t\t\t\t\t\t\t\t\t<\/div>\n\t\t\t\t<\/div>\n\t\t\t\t\t<\/div>\n\t\t<\/div>\n\t\t\t\t<div class=\"elementor-column elementor-col-50 elementor-top-column elementor-element elementor-element-1aa0362\" data-id=\"1aa0362\" data-element_type=\"column\">\n\t\t\t<div class=\"elementor-widget-wrap elementor-element-populated\">\n\t\t\t\t\t\t<div class=\"elementor-element elementor-element-e87fa98 elementor-widget elementor-widget-image\" data-id=\"e87fa98\" data-element_type=\"widget\" data-widget_type=\"image.default\">\n\t\t\t\t<div class=\"elementor-widget-container\">\n\t\t\t\t\t\t\t\t\t\t\t\t\t\t\t\t<a href=\"https:\/\/easyfairsassets.com\/sites\/160\/2025\/07\/Dentex-Logo-White-2026.png\" target=\"_blank\">\n\t\t\t\t\t\t\t<img loading=\"lazy\" decoding=\"async\" width=\"800\" height=\"450\" src=\"https:\/\/easyfairsassets.com\/sites\/160\/2025\/07\/Dentex-Logo-White-2026-1024x576.png\" class=\"attachment-large size-large wp-image-38987\" alt=\"\" srcset=\"https:\/\/easyfairsassets.com\/sites\/160\/2025\/07\/Dentex-Logo-White-2026-1024x576.png 1024w, https:\/\/easyfairsassets.com\/sites\/160\/2025\/07\/Dentex-Logo-White-2026-300x169.png 300w, https:\/\/easyfairsassets.com\/sites\/160\/2025\/07\/Dentex-Logo-White-2026-768x432.png 768w, https:\/\/easyfairsassets.com\/sites\/160\/2025\/07\/Dentex-Logo-White-2026-1536x864.png 1536w, https:\/\/easyfairsassets.com\/sites\/160\/2025\/07\/Dentex-Logo-White-2026.png 2000w\" sizes=\"(max-width: 800px) 100vw, 800px\" \/>\t\t\t\t\t\t\t\t<\/a>\n\t\t\t\t\t\t\t\t\t\t\t\t\t\t\t<\/div>\n\t\t\t\t<\/div>\n\t\t\t\t\t<\/div>\n\t\t<\/div>\n\t\t\t\t\t<\/div>\n\t\t<\/section>\n\t\t\t\t<section class=\"elementor-section elementor-top-section elementor-element elementor-element-3fd00a3 elementor-section-boxed elementor-section-height-default elementor-section-height-default\" data-id=\"3fd00a3\" data-element_type=\"section\" data-settings=\"{&quot;background_background&quot;:&quot;classic&quot;}\">\n\t\t\t\t\t\t<div class=\"elementor-container elementor-column-gap-default\">\n\t\t\t\t\t<div class=\"elementor-column elementor-col-100 elementor-top-column elementor-element elementor-element-4dc744a\" data-id=\"4dc744a\" data-element_type=\"column\">\n\t\t\t<div class=\"elementor-widget-wrap elementor-element-populated\">\n\t\t\t\t\t\t<div class=\"elementor-element elementor-element-7f0f541 elementor-widget elementor-widget-heading\" data-id=\"7f0f541\" data-element_type=\"widget\" data-widget_type=\"heading.default\">\n\t\t\t\t<div class=\"elementor-widget-container\">\n\t\t\t\t\t<h3 class=\"elementor-heading-title elementor-size-default\">Banni\u00e8res Dentex Alg\u00e9rie 2026<\/h3>\t\t\t\t<\/div>\n\t\t\t\t<\/div>\n\t\t\t\t\t<\/div>\n\t\t<\/div>\n\t\t\t\t\t<\/div>\n\t\t<\/section>\n\t\t\t\t<section class=\"elementor-section elementor-top-section elementor-element elementor-element-55c475b elementor-section-boxed elementor-section-height-default elementor-section-height-default\" data-id=\"55c475b\" data-element_type=\"section\">\n\t\t\t\t\t\t<div class=\"elementor-container elementor-column-gap-default\">\n\t\t\t\t\t<div class=\"elementor-column elementor-col-33 elementor-top-column elementor-element elementor-element-b98503f\" data-id=\"b98503f\" data-element_type=\"column\">\n\t\t\t<div class=\"elementor-widget-wrap elementor-element-populated\">\n\t\t\t\t\t\t<div class=\"elementor-element elementor-element-f3e3e43 elementor-widget elementor-widget-image\" data-id=\"f3e3e43\" data-element_type=\"widget\" data-widget_type=\"image.default\">\n\t\t\t\t<div class=\"elementor-widget-container\">\n\t\t\t\t\t\t\t\t\t\t\t\t\t\t\t\t<a href=\"https:\/\/easyfairsassets.com\/sites\/160\/2025\/07\/Dentex_26_SocialMedia_Banner_755x332_FR.jpg\" target=\"_blank\">\n\t\t\t\t\t\t\t<img loading=\"lazy\" decoding=\"async\" width=\"756\" height=\"332\" src=\"https:\/\/easyfairsassets.com\/sites\/160\/2025\/07\/Dentex_26_SocialMedia_Banner_755x332_FR.jpg\" class=\"attachment-large size-large wp-image-39003\" alt=\"\" srcset=\"https:\/\/easyfairsassets.com\/sites\/160\/2025\/07\/Dentex_26_SocialMedia_Banner_755x332_FR.jpg 756w, https:\/\/easyfairsassets.com\/sites\/160\/2025\/07\/Dentex_26_SocialMedia_Banner_755x332_FR-300x132.jpg 300w\" sizes=\"(max-width: 756px) 100vw, 756px\" \/>\t\t\t\t\t\t\t\t<\/a>\n\t\t\t\t\t\t\t\t\t\t\t\t\t\t\t<\/div>\n\t\t\t\t<\/div>\n\t\t\t\t\t<\/div>\n\t\t<\/div>\n\t\t\t\t<div class=\"elementor-column elementor-col-33 elementor-top-column elementor-element elementor-element-76f4fa7\" data-id=\"76f4fa7\" data-element_type=\"column\">\n\t\t\t<div class=\"elementor-widget-wrap elementor-element-populated\">\n\t\t\t\t\t\t<div class=\"elementor-element elementor-element-25e3eb4 elementor-widget elementor-widget-image\" data-id=\"25e3eb4\" data-element_type=\"widget\" data-widget_type=\"image.default\">\n\t\t\t\t<div class=\"elementor-widget-container\">\n\t\t\t\t\t\t\t\t\t\t\t\t\t\t\t\t<a href=\"https:\/\/easyfairsassets.com\/sites\/160\/2025\/07\/Dentex_26_SocialMedia_Banner_820x360_FR.jpg\" target=\"_blank\">\n\t\t\t\t\t\t\t<img loading=\"lazy\" decoding=\"async\" width=\"800\" height=\"351\" src=\"https:\/\/easyfairsassets.com\/sites\/160\/2025\/07\/Dentex_26_SocialMedia_Banner_820x360_FR.jpg\" class=\"attachment-large size-large wp-image-39006\" alt=\"\" srcset=\"https:\/\/easyfairsassets.com\/sites\/160\/2025\/07\/Dentex_26_SocialMedia_Banner_820x360_FR.jpg 820w, https:\/\/easyfairsassets.com\/sites\/160\/2025\/07\/Dentex_26_SocialMedia_Banner_820x360_FR-300x132.jpg 300w, https:\/\/easyfairsassets.com\/sites\/160\/2025\/07\/Dentex_26_SocialMedia_Banner_820x360_FR-768x337.jpg 768w\" sizes=\"(max-width: 800px) 100vw, 800px\" \/>\t\t\t\t\t\t\t\t<\/a>\n\t\t\t\t\t\t\t\t\t\t\t\t\t\t\t<\/div>\n\t\t\t\t<\/div>\n\t\t\t\t\t<\/div>\n\t\t<\/div>\n\t\t\t\t<div class=\"elementor-column elementor-col-33 elementor-top-column elementor-element elementor-element-6ae6247\" data-id=\"6ae6247\" data-element_type=\"column\">\n\t\t\t<div class=\"elementor-widget-wrap elementor-element-populated\">\n\t\t\t\t\t\t<div class=\"elementor-element elementor-element-b9e1ede elementor-widget elementor-widget-image\" data-id=\"b9e1ede\" data-element_type=\"widget\" data-widget_type=\"image.default\">\n\t\t\t\t<div class=\"elementor-widget-container\">\n\t\t\t\t\t\t\t\t\t\t\t\t\t\t\t\t<a href=\"https:\/\/easyfairsassets.com\/sites\/160\/2025\/07\/Dentex_26_SocialMedia_Banner_1080x1080_FR.jpg\" target=\"_blank\">\n\t\t\t\t\t\t\t<img loading=\"lazy\" decoding=\"async\" width=\"800\" height=\"800\" src=\"https:\/\/easyfairsassets.com\/sites\/160\/2025\/07\/Dentex_26_SocialMedia_Banner_1080x1080_FR-1024x1024.jpg\" class=\"attachment-large size-large wp-image-39009\" alt=\"\" srcset=\"https:\/\/easyfairsassets.com\/sites\/160\/2025\/07\/Dentex_26_SocialMedia_Banner_1080x1080_FR-1024x1024.jpg 1024w, https:\/\/easyfairsassets.com\/sites\/160\/2025\/07\/Dentex_26_SocialMedia_Banner_1080x1080_FR-300x300.jpg 300w, https:\/\/easyfairsassets.com\/sites\/160\/2025\/07\/Dentex_26_SocialMedia_Banner_1080x1080_FR-150x150.jpg 150w, https:\/\/easyfairsassets.com\/sites\/160\/2025\/07\/Dentex_26_SocialMedia_Banner_1080x1080_FR-768x768.jpg 768w, https:\/\/easyfairsassets.com\/sites\/160\/2025\/07\/Dentex_26_SocialMedia_Banner_1080x1080_FR.jpg 1080w\" sizes=\"(max-width: 800px) 100vw, 800px\" \/>\t\t\t\t\t\t\t\t<\/a>\n\t\t\t\t\t\t\t\t\t\t\t\t\t\t\t<\/div>\n\t\t\t\t<\/div>\n\t\t\t\t\t<\/div>\n\t\t<\/div>\n\t\t\t\t\t<\/div>\n\t\t<\/section>\n\t\t\t\t<section class=\"elementor-section elementor-top-section elementor-element elementor-element-afb796a elementor-section-boxed elementor-section-height-default elementor-section-height-default\" data-id=\"afb796a\" data-element_type=\"section\">\n\t\t\t\t\t\t<div class=\"elementor-container elementor-column-gap-default\">\n\t\t\t\t\t<div class=\"elementor-column elementor-col-33 elementor-top-column elementor-element elementor-element-a80fcf0\" data-id=\"a80fcf0\" data-element_type=\"column\">\n\t\t\t<div class=\"elementor-widget-wrap elementor-element-populated\">\n\t\t\t\t\t\t<div class=\"elementor-element elementor-element-bb808d7 elementor-widget elementor-widget-image\" data-id=\"bb808d7\" data-element_type=\"widget\" data-widget_type=\"image.default\">\n\t\t\t\t<div class=\"elementor-widget-container\">\n\t\t\t\t\t\t\t\t\t\t\t\t\t\t\t\t<a href=\"https:\/\/easyfairsassets.com\/sites\/160\/2025\/07\/Dentex_26_SocialMedia_Banner_1080x1080_FR.jpg\" target=\"_blank\">\n\t\t\t\t\t\t\t<img loading=\"lazy\" decoding=\"async\" width=\"800\" height=\"999\" src=\"https:\/\/easyfairsassets.com\/sites\/160\/2025\/07\/Dentex_26_SocialMedia_Banner_1080x1350_FR-820x1024.jpg\" class=\"attachment-large size-large wp-image-39012\" alt=\"\" srcset=\"https:\/\/easyfairsassets.com\/sites\/160\/2025\/07\/Dentex_26_SocialMedia_Banner_1080x1350_FR-820x1024.jpg 820w, https:\/\/easyfairsassets.com\/sites\/160\/2025\/07\/Dentex_26_SocialMedia_Banner_1080x1350_FR-240x300.jpg 240w, https:\/\/easyfairsassets.com\/sites\/160\/2025\/07\/Dentex_26_SocialMedia_Banner_1080x1350_FR-768x959.jpg 768w, https:\/\/easyfairsassets.com\/sites\/160\/2025\/07\/Dentex_26_SocialMedia_Banner_1080x1350_FR.jpg 1081w\" sizes=\"(max-width: 800px) 100vw, 800px\" \/>\t\t\t\t\t\t\t\t<\/a>\n\t\t\t\t\t\t\t\t\t\t\t\t\t\t\t<\/div>\n\t\t\t\t<\/div>\n\t\t\t\t\t<\/div>\n\t\t<\/div>\n\t\t\t\t<div class=\"elementor-column elementor-col-33 elementor-top-column elementor-element elementor-element-bd25475\" data-id=\"bd25475\" data-element_type=\"column\">\n\t\t\t<div class=\"elementor-widget-wrap elementor-element-populated\">\n\t\t\t\t\t\t<div class=\"elementor-element elementor-element-3c952c7 elementor-widget elementor-widget-image\" data-id=\"3c952c7\" data-element_type=\"widget\" data-widget_type=\"image.default\">\n\t\t\t\t<div class=\"elementor-widget-container\">\n\t\t\t\t\t\t\t\t\t\t\t\t\t\t\t\t<a href=\"https:\/\/easyfairsassets.com\/sites\/160\/2025\/07\/Dentex_26_SocialMedia_Banner_1080x1080_FR.jpg\" target=\"_blank\">\n\t\t\t\t\t\t\t<img loading=\"lazy\" decoding=\"async\" width=\"300\" height=\"157\" src=\"https:\/\/easyfairsassets.com\/sites\/160\/2025\/07\/Dentex_26_SocialMedia_Banner_1200x628_FR-300x157.jpg\" class=\"attachment-medium size-medium wp-image-39015\" alt=\"\" srcset=\"https:\/\/easyfairsassets.com\/sites\/160\/2025\/07\/Dentex_26_SocialMedia_Banner_1200x628_FR-300x157.jpg 300w, https:\/\/easyfairsassets.com\/sites\/160\/2025\/07\/Dentex_26_SocialMedia_Banner_1200x628_FR-1024x536.jpg 1024w, https:\/\/easyfairsassets.com\/sites\/160\/2025\/07\/Dentex_26_SocialMedia_Banner_1200x628_FR-768x402.jpg 768w, https:\/\/easyfairsassets.com\/sites\/160\/2025\/07\/Dentex_26_SocialMedia_Banner_1200x628_FR.jpg 1200w\" sizes=\"(max-width: 300px) 100vw, 300px\" \/>\t\t\t\t\t\t\t\t<\/a>\n\t\t\t\t\t\t\t\t\t\t\t\t\t\t\t<\/div>\n\t\t\t\t<\/div>\n\t\t\t\t\t<\/div>\n\t\t<\/div>\n\t\t\t\t<div class=\"elementor-column elementor-col-33 elementor-top-column elementor-element elementor-element-8bbf181\" data-id=\"8bbf181\" data-element_type=\"column\">\n\t\t\t<div class=\"elementor-widget-wrap elementor-element-populated\">\n\t\t\t\t\t\t<div class=\"elementor-element elementor-element-4a312ff elementor-hidden-desktop elementor-hidden-tablet elementor-hidden-mobile elementor-widget elementor-widget-image\" data-id=\"4a312ff\" data-element_type=\"widget\" data-widget_type=\"image.default\">\n\t\t\t\t<div class=\"elementor-widget-container\">\n\t\t\t\t\t\t\t\t\t\t\t\t\t\t\t\t<a href=\"https:\/\/easyfairsassets.com\/sites\/160\/2023\/11\/Dentex_Gleanin_banner_FR-100.jpg\" target=\"_blank\">\n\t\t\t\t\t\t\t<img loading=\"lazy\" decoding=\"async\" width=\"732\" height=\"240\" src=\"https:\/\/easyfairsassets.com\/sites\/160\/2023\/11\/Dentex_Gleanin_banner_FR-100.jpg\" class=\"attachment-large size-large wp-image-17847\" alt=\"\" srcset=\"https:\/\/easyfairsassets.com\/sites\/160\/2023\/11\/Dentex_Gleanin_banner_FR-100.jpg 732w, https:\/\/easyfairsassets.com\/sites\/160\/2023\/11\/Dentex_Gleanin_banner_FR-100-300x98.jpg 300w\" sizes=\"(max-width: 732px) 100vw, 732px\" \/>\t\t\t\t\t\t\t\t<\/a>\n\t\t\t\t\t\t\t\t\t\t\t\t\t\t\t<\/div>\n\t\t\t\t<\/div>\n\t\t\t\t\t<\/div>\n\t\t<\/div>\n\t\t\t\t\t<\/div>\n\t\t<\/section>\n\t\t\t\t<\/div>\n\t\t","protected":false},"excerpt":{"rendered":"<p>El\u00e9ments marketing pour les exposants Dentex Alg\u00e9rie met \u00e0 votre disposition des logos et banni\u00e8res de diff\u00e9rentes dimensions afin que vous puissiez partager votre participation \u00e0 l&rsquo;\u00e9v\u00e9nement. Logos Dentex Alg\u00e9rie 2026 Banni\u00e8res Dentex Alg\u00e9rie 2026<\/p>\n","protected":false},"author":9,"featured_media":0,"parent":26964,"menu_order":200,"comment_status":"closed","ping_status":"closed","template":"","meta":{"_seopress_robots_primary_cat":"","_seopress_titles_title":"","_seopress_titles_desc":"","_seopress_robots_index":"","footnotes":""},"class_list":["post-26986","page","type-page","status-publish","hentry"],"_links":{"self":[{"href":"https:\/\/www.dentex.dz\/fr\/wp-json\/wp\/v2\/pages\/26986","targetHints":{"allow":["GET"]}}],"collection":[{"href":"https:\/\/www.dentex.dz\/fr\/wp-json\/wp\/v2\/pages"}],"about":[{"href":"https:\/\/www.dentex.dz\/fr\/wp-json\/wp\/v2\/types\/page"}],"author":[{"embeddable":true,"href":"https:\/\/www.dentex.dz\/fr\/wp-json\/wp\/v2\/users\/9"}],"replies":[{"embeddable":true,"href":"https:\/\/www.dentex.dz\/fr\/wp-json\/wp\/v2\/comments?post=26986"}],"version-history":[{"count":5,"href":"https:\/\/www.dentex.dz\/fr\/wp-json\/wp\/v2\/pages\/26986\/revisions"}],"predecessor-version":[{"id":40177,"href":"https:\/\/www.dentex.dz\/fr\/wp-json\/wp\/v2\/pages\/26986\/revisions\/40177"}],"up":[{"embeddable":true,"href":"https:\/\/www.dentex.dz\/fr\/wp-json\/wp\/v2\/pages\/26964"}],"wp:attachment":[{"href":"https:\/\/www.dentex.dz\/fr\/wp-json\/wp\/v2\/media?parent=26986"}],"curies":[{"name":"wp","href":"https:\/\/api.w.org\/{rel}","templated":true}]}}