{"id":8422,"date":"2022-05-05T13:33:08","date_gmt":"2022-05-05T12:33:08","guid":{"rendered":"https:\/\/www.dentex.dz\/?page_id=8422"},"modified":"2024-05-16T10:59:16","modified_gmt":"2024-05-16T09:59:16","slug":"session-posters","status":"publish","type":"page","link":"https:\/\/www.dentex.dz\/en\/session-posters\/","title":{"rendered":"Session posters"},"content":{"rendered":"\t\t<div data-elementor-type=\"wp-page\" data-elementor-id=\"8422\" class=\"elementor elementor-8422\" data-elementor-post-type=\"page\">\n\t\t\t\t\t\t<section class=\"elementor-section elementor-top-section elementor-element elementor-element-2b45067e elementor-section-boxed elementor-section-height-default elementor-section-height-default\" data-id=\"2b45067e\" data-element_type=\"section\" data-settings=\"{&quot;background_background&quot;:&quot;classic&quot;}\">\n\t\t\t\t\t\t\t<div class=\"elementor-background-overlay\"><\/div>\n\t\t\t\t\t\t\t<div class=\"elementor-container elementor-column-gap-default\">\n\t\t\t\t\t<div class=\"elementor-column elementor-col-100 elementor-top-column elementor-element elementor-element-3a23a861\" data-id=\"3a23a861\" data-element_type=\"column\">\n\t\t\t<div class=\"elementor-widget-wrap elementor-element-populated\">\n\t\t\t\t\t\t<div class=\"elementor-element elementor-element-325ee0c3 elementor-widget elementor-widget-heading\" data-id=\"325ee0c3\" data-element_type=\"widget\" data-widget_type=\"heading.default\">\n\t\t\t\t<div class=\"elementor-widget-container\">\n\t\t\t\t\t<h2 class=\"elementor-heading-title elementor-size-default\">Dentex 2024 SESSION POSTERS<\/h2>\t\t\t\t<\/div>\n\t\t\t\t<\/div>\n\t\t\t\t<div class=\"elementor-element elementor-element-6b985f51 elementor-widget elementor-widget-text-editor\" data-id=\"6b985f51\" data-element_type=\"widget\" data-widget_type=\"text-editor.default\">\n\t\t\t\t<div class=\"elementor-widget-container\">\n\t\t\t\t\t\t\t\t\t<p style=\"text-align: center;\">Dentex, the leading dental exhibition in Algeria, is promoting research in dentistry by organizing a competition for the best poster on dental research during the first 3 days of the show. With 3 themes on the agenda, the competition is open to all dental professionals, researchers, and students who want to advance the field of dentistry. The aim is to encourage innovation and progress, and the best poster will receive a prestigious award and recognition from the dental community. Don&#8217;t miss this opportunity to witness the future of dentistry in Algeria at Dentex.<\/p>\t\t\t\t\t\t\t\t<\/div>\n\t\t\t\t<\/div>\n\t\t\t\t<div class=\"elementor-element elementor-element-4be22d65 elementor-align-center elementor-hidden-desktop elementor-hidden-tablet elementor-hidden-mobile elementor-widget elementor-widget-global elementor-global-6266 elementor-widget-dynamic-button\" data-id=\"4be22d65\" data-element_type=\"widget\" data-widget_type=\"dynamic-button.default\">\n\t\t\t\t<div class=\"elementor-widget-container\">\n\t\t\t\t\t        <div class=\"elementor-button-wrapper\">\n            <a href=\"https:\/\/register.visitcloud.com\/survey\/3hvezlkobesbt\" target=\"_blank\" class=\"elementor-button-link elementor-button elementor-size-sm\" role=\"button\">\n                        <span class=\"elementor-button-content-wrapper\">\n\t\t\t                <span class=\"elementor-button-icon elementor-align-icon-right\">\n\t\t\t\t<i aria-hidden=\"true\" class=\"fas fa-angle-right\"><\/i>\t\t\t<\/span>\n            \t\t\t<span class=\"elementor-button-text\">Visitor Registration<\/span>\n\t\t<\/span>\n                    <\/a>\n        <\/div>\n        \t\t\t\t<\/div>\n\t\t\t\t<\/div>\n\t\t\t\t<div class=\"elementor-element elementor-element-7bf980b6 elementor-widget elementor-widget-spacer\" data-id=\"7bf980b6\" data-element_type=\"widget\" id=\"day1\" data-widget_type=\"spacer.default\">\n\t\t\t\t<div class=\"elementor-widget-container\">\n\t\t\t\t\t\t\t<div class=\"elementor-spacer\">\n\t\t\t<div class=\"elementor-spacer-inner\"><\/div>\n\t\t<\/div>\n\t\t\t\t\t\t<\/div>\n\t\t\t\t<\/div>\n\t\t\t\t<section class=\"elementor-section elementor-inner-section elementor-element elementor-element-5c1e1ca elementor-section-height-min-height elementor-section-content-top elementor-section-boxed elementor-section-height-default\" data-id=\"5c1e1ca\" data-element_type=\"section\" data-settings=\"{&quot;background_background&quot;:&quot;classic&quot;}\">\n\t\t\t\t\t\t\t<div class=\"elementor-background-overlay\"><\/div>\n\t\t\t\t\t\t\t<div class=\"elementor-container elementor-column-gap-default\">\n\t\t\t\t\t<div class=\"elementor-column elementor-col-100 elementor-inner-column elementor-element elementor-element-d4c46fe\" data-id=\"d4c46fe\" data-element_type=\"column\" data-settings=\"{&quot;background_background&quot;:&quot;classic&quot;}\">\n\t\t\t<div class=\"elementor-widget-wrap elementor-element-populated\">\n\t\t\t\t\t<div class=\"elementor-background-overlay\"><\/div>\n\t\t\t\t\t\t<div class=\"elementor-element elementor-element-b1ceb87 elementor-widget elementor-widget-accordion\" data-id=\"b1ceb87\" data-element_type=\"widget\" data-widget_type=\"accordion.default\">\n\t\t\t\t<div class=\"elementor-widget-container\">\n\t\t\t\t\t\t\t<div class=\"elementor-accordion\">\n\t\t\t\t\t\t\t<div class=\"elementor-accordion-item\">\n\t\t\t\t\t<h1 id=\"elementor-tab-title-1861\" class=\"elementor-tab-title\" data-tab=\"1\" role=\"button\" aria-controls=\"elementor-tab-content-1861\" aria-expanded=\"false\">\n\t\t\t\t\t\t\t\t\t\t\t\t\t<span class=\"elementor-accordion-icon elementor-accordion-icon-left\" aria-hidden=\"true\">\n\t\t\t\t\t\t\t\t\t\t\t\t\t\t\t<span class=\"elementor-accordion-icon-closed\"><i class=\"fas fa-plus\"><\/i><\/span>\n\t\t\t\t\t\t\t\t<span class=\"elementor-accordion-icon-opened\"><i class=\"fas fa-minus\"><\/i><\/span>\n\t\t\t\t\t\t\t\t\t\t\t\t\t\t<\/span>\n\t\t\t\t\t\t\t\t\t\t\t\t<a class=\"elementor-accordion-title\" tabindex=\"0\">Mercredi 22 mai 2024 de 9h30 \u00e0 13h - OCE & ODF <\/a>\n\t\t\t\t\t<\/h1>\n\t\t\t\t\t<div id=\"elementor-tab-content-1861\" class=\"elementor-tab-content elementor-clearfix\" data-tab=\"1\" role=\"region\" aria-labelledby=\"elementor-tab-title-1861\"><p>Poster 1 : La d\u00e9sinfection canalaire lors des infections r\u00e9currentes : Effet antibact\u00e9rien de la vitamine C sur l\u2019Enterococcus faecalis.<br \/>Pr.Nawel ALLAL, Dr.W.DIDI, Pr.H.HASSAIN, Pr.F.OUDGHIRI.<\/p><p>Poster 2 : Retraitement endodontique apr\u00e8s radioth\u00e9rapie (A propos d\u2019un cas clinique).<br \/>Dr. Derbali Selma, Pr. SID.R, Pr.Cherifi.A.<\/p><p>Poster 3 : L\u2019apport des adh\u00e9sifs am\u00e9lo-dentinaires de la septi\u00e8me g\u00e9n\u00e9ration.<br \/>DJELOUAT.S1, MENGOUCHI.W2, MOULAY.A3.<\/p><p>Poster 4 : Strat\u00e9gie th\u00e9rapeutique et gestion clinique d\u2019un trauma exposant la pulpe sur dent immature.<br \/>Dr Marouf. A ; Pr Fellahi. S<\/p><p>Poster 5 : Apexification versus Revitalisation, quand et comment ?<br \/>Dr S. AIT GHEZALA*, Dr B. GASMI, Pr S. FELLAHI, Dr. M. MAAMRIA, Dr I. SAADIA, Dr F. LAIB<\/p><p>Poster 6 :L\u2019intelligence artificielle : L\u2019avenir de l\u2019endodontie.<br \/>A. BENLAIFAOUI, S. FELLAHI, B. GASMI, M. MAAMRIA, A. DJEBRI, I. SAADIA, Z. BOUHANNACHE.<\/p><p>Poster 7 : Pulpotomie des dents permanentes symptomatiques avec exposition carieuse \u00e0 l&#8217;aide des mat\u00e9riaux bioactifs.<br \/>B.HIMEUR, N .BENHAMMOU , F.OUDGHIRI.<\/p><p>Poster 8 : Comment optimiser mon traitement orthodontique chez un patient sous biphosphonate ? : \u00e0 propos d\u2019un cas.<br \/>H. Salah*(1), N. Djadour (2), A.Mrabet (1), F.Z. Maacho (2)<\/p><p>Poster 9 : Les effets du traitement avec le masque de Delaire en denture mixte et adulte : \u00e0 propos de deux cas cliniques.<br \/>H. Salah*(1), A. Mrabet (1).<\/p><p>Poster 10 : L\u2019Orthodontie Interceptive expliqu\u00e9e aux patients par les Intelligences Artificielles (IA) conversationnelles.<br \/>Dr S. BENCHEHIDA<\/p><p>Poster 11 : Dents de sagesse et orthodontie.<br \/>Dr SAIDANI Chiraz* , Dr BOUGANDOURA Mehdi<\/p><p>Poster 12 : L\u2019ag\u00e9n\u00e9sie de l\u2019incisive lat\u00e9rale.<br \/>Dr Milous Sabrina<\/p><p style=\"text-align: center;\">Jury :<br \/>Dr R\u00e9da ALIM <br \/>Dr Sara OULOUNIS <br \/>Dr Ayoub CHAOUATI<\/p><p>\u00a0<\/p><\/div>\n\t\t\t\t<\/div>\n\t\t\t\t\t\t\t\t<\/div>\n\t\t\t\t\t\t<\/div>\n\t\t\t\t<\/div>\n\t\t\t\t\t<\/div>\n\t\t<\/div>\n\t\t\t\t\t<\/div>\n\t\t<\/section>\n\t\t\t\t<section class=\"elementor-section elementor-inner-section elementor-element elementor-element-bd2f0a3 elementor-section-height-min-height elementor-section-content-top elementor-section-boxed elementor-section-height-default\" data-id=\"bd2f0a3\" data-element_type=\"section\" data-settings=\"{&quot;background_background&quot;:&quot;classic&quot;}\">\n\t\t\t\t\t\t\t<div class=\"elementor-background-overlay\"><\/div>\n\t\t\t\t\t\t\t<div class=\"elementor-container elementor-column-gap-default\">\n\t\t\t\t\t<div class=\"elementor-column elementor-col-100 elementor-inner-column elementor-element elementor-element-08bd69c\" data-id=\"08bd69c\" data-element_type=\"column\" data-settings=\"{&quot;background_background&quot;:&quot;classic&quot;}\">\n\t\t\t<div class=\"elementor-widget-wrap elementor-element-populated\">\n\t\t\t\t\t<div class=\"elementor-background-overlay\"><\/div>\n\t\t\t\t\t\t<div class=\"elementor-element elementor-element-d6cec0c elementor-widget elementor-widget-accordion\" data-id=\"d6cec0c\" data-element_type=\"widget\" data-widget_type=\"accordion.default\">\n\t\t\t\t<div class=\"elementor-widget-container\">\n\t\t\t\t\t\t\t<div class=\"elementor-accordion\">\n\t\t\t\t\t\t\t<div class=\"elementor-accordion-item\">\n\t\t\t\t\t<h1 id=\"elementor-tab-title-2251\" class=\"elementor-tab-title\" data-tab=\"1\" role=\"button\" aria-controls=\"elementor-tab-content-2251\" aria-expanded=\"false\">\n\t\t\t\t\t\t\t\t\t\t\t\t\t<span class=\"elementor-accordion-icon elementor-accordion-icon-left\" aria-hidden=\"true\">\n\t\t\t\t\t\t\t\t\t\t\t\t\t\t\t<span class=\"elementor-accordion-icon-closed\"><i class=\"fas fa-plus\"><\/i><\/span>\n\t\t\t\t\t\t\t\t<span class=\"elementor-accordion-icon-opened\"><i class=\"fas fa-minus\"><\/i><\/span>\n\t\t\t\t\t\t\t\t\t\t\t\t\t\t<\/span>\n\t\t\t\t\t\t\t\t\t\t\t\t<a class=\"elementor-accordion-title\" tabindex=\"0\">Jeudi 23 mai 2024 de 9h30 \u00e0 13h - Paro & Patho  <\/a>\n\t\t\t\t\t<\/h1>\n\t\t\t\t\t<div id=\"elementor-tab-content-2251\" class=\"elementor-tab-content elementor-clearfix\" data-tab=\"1\" role=\"region\" aria-labelledby=\"elementor-tab-title-2251\"><p>Poster 1 : L\u2019impact de la th\u00e9rapeutique parodontale sur l\u2019\u00e9quilibre de diab\u00e8te : \u00e0 propos d\u2019un cas clinique.<br \/>Dr.TELLI MOHAMMED SOHEYB (1) Dr.MOUSSAOUI. I (2) &#8211; Pr.ZAGHEZ. M (3).<br \/><br \/>Poster 2 : Correction du sourire gingival ;\u00c0 propos d un cas.<br \/>DR DJEGHABA MANEL* ; Pr DJAFAR.N ; Dr DJOUMAA A ; DR HAMICI M ; DR FRIHI A ; PR ZAGHEZ M.<br \/><br \/>Poster 3 : Chirurgie plastique parodontale et l\u2019esth\u00e9tique du sourire.<br \/>Dr.MOUSSAOUI. I (1) &#8211; Dr.ZEMOURA. H (2) &#8211; Pr.BOULESBAA. N (3).<br \/><br \/>Poster 4 : La canine incluse : apport du d\u00e9gagement chirurgical \u00e0 l\u2019orthodontie.<br \/>Dr. RF. BENMERAD\u00b9, Pr. H. IDOURAINE\u00b2, Pr. M. MEDDAD\u00b3, Dr. M. BENSOUNA\u2074, Pr. D. ZOUBIRI \u2075.<br \/><br \/>Poster 5 : Apport de la parodontie au traitement du sourire.<br \/>Dr Meriem EMBOUAZZA.<br \/><br \/>Poster 6 : L\u2019utilisation de la cigarette \u00e9lectronique chez les \u00e9tudiants en m\u00e9decine dentaire.<br \/>Laiche Z, Lalaoui M, Laib A, Koli A, Khoualdi O, Nezzal M.<br \/><br \/>Poster 7 : L\u2019ost\u00e9on\u00e9crose des maxillaires induite par les antir\u00e9sorptifs osseux : Une menace r\u00e9elle \u00e0 prendre au s\u00e9rieux ; \u00c0 propos de 4 cas cliniques.<br \/>Dr FRIHI.A\u00b9; Dr BENGHERSALLAH.D\u00b9; Dr TAALLAH.K\u00b9; Dr MENDJEL.R\u00b9; Pr GUEHRIA.M\u00b9.<br \/><br \/>Poster 8 : Odontomes simple et compos\u00e9 : \u00e0 propos de deux cas cliniques.<br \/>Dr Chedly Ghattas<\/p><p>Poster 9 : Int\u00e9r\u00eat du diagnostic pr\u00e9coce du carcinome \u00e9pidermo\u00efde de la cavit\u00e9 buccale: \u00e0 propos d\u2019un cas clinique.<br \/>Mecid.S ; Boufatit.M ; Saidi.K ; Derradji.F<br \/><br \/>Poster 10 : Pemphigoide bulleuse buccale. A propos d\u2019un cas.<br \/>Dr Z.Messaoudi1- Dr I.Mechad1- Pr Y.Guenane1.<br \/><br \/>Poster 11 : Comment diagnostiquer une p\u00e9ri-implantite ?<br \/>Dr M. BOUFATIT \u2013 Dr S. MECID \u2013 Pr F. DERRADJI.<br \/><br \/>Poster 12 : L\u2019apport du laser dans le traitement des ost\u00e9on\u00e9croses induites par les anti-r\u00e9sorptifs ; a propos de deux cas cliniques .<br \/>Dr H. AISSOUG, Pr S. YEKHLEF, Dr A. DJERRI<\/p><\/div>\n\t\t\t\t<\/div>\n\t\t\t\t\t\t\t\t<\/div>\n\t\t\t\t\t\t<\/div>\n\t\t\t\t<\/div>\n\t\t\t\t\t<\/div>\n\t\t<\/div>\n\t\t\t\t\t<\/div>\n\t\t<\/section>\n\t\t\t\t<section class=\"elementor-section elementor-inner-section elementor-element elementor-element-8f3ea35 elementor-section-height-min-height elementor-section-content-top elementor-section-boxed elementor-section-height-default\" data-id=\"8f3ea35\" data-element_type=\"section\" data-settings=\"{&quot;background_background&quot;:&quot;classic&quot;}\">\n\t\t\t\t\t\t\t<div class=\"elementor-background-overlay\"><\/div>\n\t\t\t\t\t\t\t<div class=\"elementor-container elementor-column-gap-default\">\n\t\t\t\t\t<div class=\"elementor-column elementor-col-100 elementor-inner-column elementor-element elementor-element-d0e8b9c\" data-id=\"d0e8b9c\" data-element_type=\"column\" data-settings=\"{&quot;background_background&quot;:&quot;classic&quot;}\">\n\t\t\t<div class=\"elementor-widget-wrap elementor-element-populated\">\n\t\t\t\t\t<div class=\"elementor-background-overlay\"><\/div>\n\t\t\t\t\t\t<div class=\"elementor-element elementor-element-1932a28 elementor-widget elementor-widget-accordion\" data-id=\"1932a28\" data-element_type=\"widget\" data-widget_type=\"accordion.default\">\n\t\t\t\t<div class=\"elementor-widget-container\">\n\t\t\t\t\t\t\t<div class=\"elementor-accordion\">\n\t\t\t\t\t\t\t<div class=\"elementor-accordion-item\">\n\t\t\t\t\t<h1 id=\"elementor-tab-title-2641\" class=\"elementor-tab-title\" data-tab=\"1\" role=\"button\" aria-controls=\"elementor-tab-content-2641\" aria-expanded=\"false\">\n\t\t\t\t\t\t\t\t\t\t\t\t\t<span class=\"elementor-accordion-icon elementor-accordion-icon-left\" aria-hidden=\"true\">\n\t\t\t\t\t\t\t\t\t\t\t\t\t\t\t<span class=\"elementor-accordion-icon-closed\"><i class=\"fas fa-plus\"><\/i><\/span>\n\t\t\t\t\t\t\t\t<span class=\"elementor-accordion-icon-opened\"><i class=\"fas fa-minus\"><\/i><\/span>\n\t\t\t\t\t\t\t\t\t\t\t\t\t\t<\/span>\n\t\t\t\t\t\t\t\t\t\t\t\t<a class=\"elementor-accordion-title\" tabindex=\"0\">Vendredi 24 mai 2024 de 9h30 \u00e0 13h - Proth\u00e8se  <\/a>\n\t\t\t\t\t<\/h1>\n\t\t\t\t\t<div id=\"elementor-tab-content-2641\" class=\"elementor-tab-content elementor-clearfix\" data-tab=\"1\" role=\"region\" aria-labelledby=\"elementor-tab-title-2641\"><p><span style=\"color: #ffffff;\">Poster 1 : Apport du num\u00e9rique \u00e0 la proth\u00e8se partielle amovible m\u00e9tallique, \u00e0 propos d\u2019un cas clinique.<\/span><br \/><span style=\"color: #ffffff;\">N. BENHASNA, R. BOUHAI, K. HIRECHE<\/span><\/p><p><span style=\"color: #ffffff;\">Poster 2 : Int\u00e9r\u00eat des r\u00e9sines \u00e0 prise retard\u00e9e dans la prise en charge des pertes de substances maxillaires.<\/span><br \/><span style=\"color: #ffffff;\">N. BENHASNA, K. HIRECHE ; R. BOUHAI<\/span><\/p><p><span style=\"color: #ffffff;\">Poster 3 : Int\u00e9r\u00eat de l\u2019emploi du laser dans la pr\u00e9paration de l\u2019appui tissulaire de la proth\u00e8se amovible.<\/span><br \/><span style=\"color: #ffffff;\">Ben Yaala.M, Bekri.S, Labidi.A, Rzigui.S, Triki.H, Mansour.L<\/span><\/p><p><span style=\"color: #ffffff;\">Poster 4 : Traitement de l\u2019\u00e9dentement unitaire : Approche des praticiens Alg\u00e9riens en 2024 .<\/span><br \/><span style=\"color: #ffffff;\">Djebbar R &#8211; Teffah M &#8211; Boukerroucha M &#8211; Boussahel I &#8211; Chouar k &#8211; bella R- Bella S<\/span><\/p><p><span style=\"color: #ffffff;\">Poster 5 : La Technique des Implants Dentaires \u00e0 Lib\u00e9ration Contr\u00f4l\u00e9e de M\u00e9dicaments chez les Patients Diab\u00e9tiques.<\/span><br \/><span style=\"color: #ffffff;\">R. KARIM, N. SALAH DERRADJI, M. HAMDANE, L. MERDES<\/span><\/p><p><span style=\"color: #ffffff;\">Poster 6 : La proth\u00e8se amovible compl\u00e8te num\u00e9rique : ( A propos d\u2019un cas clinique ).<\/span><br \/><span style=\"color: #ffffff;\">Dr.ABDENNEBI.M.L , Pr.SERAOUI.H<\/span><\/p><p><span style=\"color: #ffffff;\">Poster 7 : Mat\u00e9riaux Bioactifs en Proth\u00e8ses Dentaires : Une R\u00e9volution pour Sant\u00e9 Bucco-Dentaire Avanc\u00e9e.<\/span><br \/><span style=\"color: #ffffff;\">SAMMAR.R , SALAH DERRADJI.N , LAABASSI.S , MERDES.L<\/span><\/p><p><span style=\"color: #ffffff;\">Poster 8 : Implantologie 2.0 : Le Passage R\u00e9ussi vers une Pratique Num\u00e9rique Int\u00e9gr\u00e9e.<\/span><br \/><span style=\"color: #ffffff;\">LATRECHE Mohamed Nadjib, TOUNSSI Souha , MOUMEN Hiba.<\/span><\/p><p><span style=\"color: #ffffff;\">Poster 9 : Technique de pr\u00e9paration dentaire assist\u00e9e par guidage num\u00e9rique.<\/span><br \/><span style=\"color: #ffffff;\">TOUATI.S, BOUHAHA.S ,LALEG.A,BOUCHAREB.H,BOUKEMOUCHE.A.<\/span><\/p><p><span style=\"color: #ffffff;\">Poster 10 : Rehabilitation Esthetique Anterieure (facette composite direct).<\/span><br \/><span style=\"color: #ffffff;\">Dr Bouhalouane A.<\/span><\/p><p><span style=\"color: #ffffff;\">Poster 11 : Conversion vers le digital smile design.<\/span><br \/><span style=\"color: #ffffff;\">A. Ghezali.<\/span><\/p><p style=\"text-align: center;\"><span style=\"color: #ffffff;\">Jury: <\/span><br \/><span style=\"color: #ffffff;\">Dr Nadji BENAZALA <\/span><br \/><span style=\"color: #ffffff;\">Dr Dallel SEDKI <\/span><br \/><span style=\"color: #ffffff;\">Pr Nassima NAILI DOUAOUDA<\/span> <\/p><p>\u00a0<\/p><\/div>\n\t\t\t\t<\/div>\n\t\t\t\t\t\t\t\t<\/div>\n\t\t\t\t\t\t<\/div>\n\t\t\t\t<\/div>\n\t\t\t\t\t<\/div>\n\t\t<\/div>\n\t\t\t\t\t<\/div>\n\t\t<\/section>\n\t\t\t\t<div class=\"elementor-element elementor-element-a1a13db elementor-widget elementor-widget-spacer\" data-id=\"a1a13db\" data-element_type=\"widget\" id=\"day2\" data-widget_type=\"spacer.default\">\n\t\t\t\t<div class=\"elementor-widget-container\">\n\t\t\t\t\t\t\t<div class=\"elementor-spacer\">\n\t\t\t<div class=\"elementor-spacer-inner\"><\/div>\n\t\t<\/div>\n\t\t\t\t\t\t<\/div>\n\t\t\t\t<\/div>\n\t\t\t\t\t<\/div>\n\t\t<\/div>\n\t\t\t\t\t<\/div>\n\t\t<\/section>\n\t\t\t\t<\/div>\n\t\t","protected":false},"excerpt":{"rendered":"<p>Dentex 2024 SESSION POSTERS Dentex, the leading dental exhibition in Algeria, is promoting research in dentistry by organizing a competition for the best poster on dental research during the first 3 days of the show. With 3 themes on the agenda, the competition is open to all dental professionals, researchers, and students who want to [&hellip;]<\/p>\n","protected":false},"author":82,"featured_media":0,"parent":0,"menu_order":0,"comment_status":"closed","ping_status":"closed","template":"","meta":{"_seopress_robots_primary_cat":"","_seopress_titles_title":"Dentex 2023 Session Posters","_seopress_titles_desc":"We are promoting research and innovation at Dentex.","_seopress_robots_index":"","footnotes":""},"class_list":["post-8422","page","type-page","status-publish","hentry"],"_links":{"self":[{"href":"https:\/\/www.dentex.dz\/en\/wp-json\/wp\/v2\/pages\/8422","targetHints":{"allow":["GET"]}}],"collection":[{"href":"https:\/\/www.dentex.dz\/en\/wp-json\/wp\/v2\/pages"}],"about":[{"href":"https:\/\/www.dentex.dz\/en\/wp-json\/wp\/v2\/types\/page"}],"author":[{"embeddable":true,"href":"https:\/\/www.dentex.dz\/en\/wp-json\/wp\/v2\/users\/82"}],"replies":[{"embeddable":true,"href":"https:\/\/www.dentex.dz\/en\/wp-json\/wp\/v2\/comments?post=8422"}],"version-history":[{"count":5,"href":"https:\/\/www.dentex.dz\/en\/wp-json\/wp\/v2\/pages\/8422\/revisions"}],"predecessor-version":[{"id":23280,"href":"https:\/\/www.dentex.dz\/en\/wp-json\/wp\/v2\/pages\/8422\/revisions\/23280"}],"wp:attachment":[{"href":"https:\/\/www.dentex.dz\/en\/wp-json\/wp\/v2\/media?parent=8422"}],"curies":[{"name":"wp","href":"https:\/\/api.w.org\/{rel}","templated":true}]}}